{"id":2815,"date":"2023-08-04T14:42:51","date_gmt":"2023-08-04T14:42:51","guid":{"rendered":"https:\/\/compre-group.com\/?page_id=2815"},"modified":"2025-11-11T17:25:40","modified_gmt":"2025-11-11T17:25:40","slug":"bermuda-and-us-privacy-statement","status":"publish","type":"page","link":"https:\/\/compre-group.com\/it\/bermuda-and-us-privacy-statement\/","title":{"rendered":"Informativa sulla privacy delle Bermuda e degli Stati Uniti"},"content":{"rendered":"<h3 class=\"wp-block-heading\"><strong><strong>Informativa sulla privacy sulla protezione dei dati \u2013 Bermuda e Stati Uniti d&#039;America&nbsp;<\/strong><\/strong><\/h3>\n\n\n\n<p>In Compre prendiamo molto sul serio i nostri obblighi in materia di protezione dei dati e la sicurezza di tali dati \u00e8 molto importante per noi. Mentre svolgiamo la nostra attivit\u00e0, le entit\u00e0 del Gruppo Compre alle Bermuda e negli Stati Uniti, comprese Compre Group Holdings Limited e le sue controllate, raccolgono e utilizzano determinate informazioni sugli individui come responsabili del trattamento dei dati. Le informazioni possono provenire da una vasta gamma di fonti e riguardare ricorrenti, assicurati, beneficiari, riassicurati, fornitori di servizi terzi, fornitori, contatti commerciali, potenziali partner e obiettivi commerciali e altre persone con cui abbiamo un rapporto commerciale. Di seguito, desideriamo informarti sul trattamento dei tuoi dati personali da parte delle entit\u00e0 statunitensi e delle Bermude di Compre Group, incluso il modo in cui raccogliamo e utilizziamo i tuoi dati personali, con chi condividiamo i tuoi dati personali, nonch\u00e9 i tuoi diritti in questo considerare.<\/p>\n\n\n\n<p>Il trattamento dei tuoi Dati Personali \u00e8 regolato da normative diverse in luoghi diversi. A seconda della tua giurisdizione, alcune o tutte queste disposizioni potrebbero applicarsi al tuo caso. In caso di domande su ci\u00f2 che si applica nella tua giurisdizione, non esitare a contattarci utilizzando i dettagli di contatto forniti di seguito.<\/p>\n\n\n\n<h3 class=\"wp-block-heading\">Scope of Processing and information we collect<\/h3>\n\n\n\n<p>At Compre we may collect and use your personal data in our normal course of business for the following purposes:<\/p>\n\n\n\n<p><strong>Per l&#039;amministrazione della polizza e l&#039;elaborazione dei reclami:<\/strong><\/p>\n\n\n\n<ul class=\"wp-block-list\">\n<li>Consulenza, organizzazione, sottoscrizione o amministrazione di un contratto di assicurazione o riassicurazione;<\/li>\n\n\n\n<li>Gestione di un sinistro ai sensi di un contratto di assicurazione o riassicurazione;<\/li>\n<\/ul>\n\n\n\n<p><strong>Per le attivit\u00e0 legate alla Business Generation e alle fusioni e acquisizioni:<\/strong><\/p>\n\n\n\n<ul class=\"wp-block-list\">\n<li>Managing our business relationship(s) with client(s);<\/li>\n\n\n\n<li>Potenziali acquisizioni;<\/li>\n\n\n\n<li>Integrating acquired business into our system;<\/li>\n\n\n\n<li>Gestione dei visitatori dei locali Compre;<\/li>\n<\/ul>\n\n\n\n<p><strong>Per motivi di lavoro:<\/strong><\/p>\n\n\n\n<ul class=\"wp-block-list\">\n<li>Administering employment contracts;<\/li>\n\n\n\n<li>Rispetto delle leggi sul lavoro;<\/li>\n\n\n\n<li>Recruitment including assessment of job applicants;<\/li>\n\n\n\n<li>Diversity and equal opportunities monitoring;<\/li>\n<\/ul>\n\n\n\n<p><strong>Per Finalit\u00e0 Antiriciclaggio, Sanzioni e Prevenzione Frodi:<\/strong><\/p>\n\n\n\n<ul class=\"wp-block-list\">\n<li>Effettuare controlli antiriciclaggio e &quot;conosci il tuo cliente&quot;, nonch\u00e9 lo screening delle sanzioni, al fine di rispettare le leggi applicabili e le indicazioni normative;<\/li>\n<\/ul>\n\n\n\n<p><strong>Per questioni relative all&#039;IT, inclusa la gestione del nostro sito web:<\/strong><\/p>\n\n\n\n<ul class=\"wp-block-list\">\n<li>Responding to requests for IT support;&nbsp;<\/li>\n\n\n\n<li>Effettuare analisi relative all&#039;utilizzo del nostro sito Web e\/o dei nostri servizi.<\/li>\n<\/ul>\n\n\n\n<p><strong>The categories of information we collect are:<\/strong><\/p>\n\n\n\n<ul class=\"wp-block-list\">\n<li>General data \u2013 including your name, date of birth, address, email address, marital status, phone number, gender, car registration data, claims history, IP address, CCTV images etc;<\/li>\n\n\n\n<li>Informazioni dettagliate sul sinistro, comprese le informazioni sugli assicurati, sui testimoni, sulle parti correlate, sugli esperti nominati e sui fornitori di servizi di terze parti; referti medici, informazioni sulla disabilit\u00e0 e condanne penali pregresse (le cosiddette \u201ccategorie particolari\u201d di dati);<\/li>\n\n\n\n<li>Fraud and sanctions related data \u2013 including information as a result of our investigations such as checks from publicly available sources;<\/li>\n\n\n\n<li>Education and employment-related data \u2013 including your education, vocational and professional qualifications, employment status, job title and employment and educational history;<\/li>\n\n\n\n<li>Financial data \u2013 including credit and payment card numbers, bank account details, payment information, tax information and details of income and assets.<\/li>\n<\/ul>\n\n\n\n<h3 class=\"wp-block-heading\">How do we collect data<\/h3>\n\n\n\n<p>You may directly provide Compre with the data we collect or we may collect data and process data when you:<\/p>\n\n\n\n<ul class=\"wp-block-list\">\n<li>Use or view our website via your browser`s cookies;<\/li>\n\n\n\n<li>Submit a CV for recruitment purposes;<\/li>\n\n\n\n<li>Submit a complaint;<\/li>\n\n\n\n<li>Request IT assistance;<\/li>\n\n\n\n<li>Renew your insurance contract;<\/li>\n\n\n\n<li>Frequenta i nostri uffici;<\/li>\n\n\n\n<li>Dai biglietti da visita che ci fornisci;<\/li>\n\n\n\n<li>Inviaci un&#039;e-mail o telefonaci; O<\/li>\n\n\n\n<li>Invia un reclamo.<\/li>\n<\/ul>\n\n\n\n<p>Compre pu\u00f2 anche ricevere i tuoi dati indirettamente da una serie di fonti, tra cui altre compagnie di assicurazione e riassicurazione, consulenti legali, broker, rappresentanti designati e altri partner commerciali.<\/p>\n\n\n\n<p>Laddove ci fornisci informazioni personali di terzi, dovresti informarli che lo stai facendo, ove possibile.<\/p>\n\n\n\n<h3 class=\"wp-block-heading\">Basi legali per l&#039;elaborazione<\/h3>\n\n\n\n<p>Raccogliamo e utilizziamo le informazioni personali in conformit\u00e0 con le leggi e i regolamenti applicabili sulla protezione dei dati. A seconda dello scopo, la nostra base giuridica sar\u00e0 una delle seguenti:<\/p>\n\n\n\n<ul class=\"wp-block-list\">\n<li>Esecuzione di un contratto \u2013 organizzare, sottoscrivere o gestire sinistri in conformit\u00e0 con i loro termini;<\/li>\n\n\n\n<li>Conformit\u00e0 a un obbligo legale: per far fronte alle responsabilit\u00e0 che abbiamo nei confronti dei nostri regolatori, funzionari fiscali, forze dell&#039;ordine o altre responsabilit\u00e0 legali;<\/li>\n\n\n\n<li>Interessi legittimi \u2013 per gestire e migliorare i nostri prodotti e servizi e mantenere le persone informate sui nostri prodotti e servizi o per qualsiasi altro scopo che identifichiamo come appropriato alle nostre esigenze aziendali o alle esigenze aziendali di terzi;<\/li>\n\n\n\n<li>Consenso \u2013 laddove abbiamo ottenuto i consensi appropriati per raccogliere o utilizzare le vostre informazioni personali per uno scopo particolare.<\/li>\n<\/ul>\n\n\n\n<h3 class=\"wp-block-heading\">La sicurezza dei dati<\/h3>\n\n\n\n<p>All&#039;interno di Compre ci assicureremo di utilizzare misure ragionevoli per proteggere i dati personali. Ci\u00f2 includer\u00e0 una combinazione di misure di sicurezza fisiche ed elettroniche progettate per ridurre il rischio di distruzione o perdita accidentale, o la divulgazione o l&#039;accesso non autorizzato a tali informazioni, appropriato alla natura delle informazioni in questione. Le misure che adottiamo includono l&#039;imposizione di requisiti di riservatezza ai membri del nostro personale e ai Fornitori di servizi; distruggere o rendere anonime in modo permanente le informazioni personali se non sono pi\u00f9 necessarie per gli scopi per i quali sono state raccolte. Poich\u00e9 la sicurezza delle informazioni dipende in parte dalla sicurezza del computer utilizzato per comunicare con noi e dalla sicurezza utilizzata per proteggere gli ID utente e le password, si prega di adottare le misure appropriate per proteggere queste informazioni.<\/p>\n\n\n\n<h3 class=\"wp-block-heading\">Con chi condividiamo i dati personali<\/h3>\n\n\n\n<p>Per le finalit\u00e0 sopra indicate, a volte condivideremo i tuoi dati personali con societ\u00e0 del gruppo Compre e terze parti, tra cui:<\/p>\n\n\n\n<ul class=\"wp-block-list\">\n<li>Altre compagnie di assicurazione e riassicurazione;<\/li>\n\n\n\n<li>Consulenti legali e societ\u00e0 di servizi professionali che agiscono per nostro o vostro conto;<\/li>\n\n\n\n<li>Esperti nominati allo scopo di adempiere ai nostri obblighi;<\/li>\n\n\n\n<li>Broker, rappresentanti designati e altri partner commerciali;<\/li>\n\n\n\n<li>Compre dipendenti;<\/li>\n\n\n\n<li>Amministratori di terze parti;<\/li>\n\n\n\n<li>Agenzie di riferimento del credito;<\/li>\n\n\n\n<li>Organismi e autorit\u00e0 di regolamentazione;<\/li>\n\n\n\n<li>Revisori dei conti;<\/li>\n\n\n\n<li>Tribunali e controparti;<\/li>\n\n\n\n<li>fornitori di servizi informatici;<\/li>\n\n\n\n<li>Acquirenti terzi potenziali o effettivi della nostra attivit\u00e0 o dei nostri beni;&nbsp;<\/li>\n\n\n\n<li>Fornitori di servizi collegati alla nostra attivit\u00e0.<\/li>\n<\/ul>\n\n\n\n<p>Potremmo condividere in forma aggregata, statistica, informazioni non personali riguardanti i visitatori del nostro sito Web, i modelli di traffico e l&#039;utilizzo del sito Web con i nostri affiliati o inserzionisti. I cookie tracciano i dispositivi mentre navigano nel nostro sito web. Si prega di consultare la nostra politica sui cookie per ulteriori informazioni (https:\/\/compre-group.com\/cookies-policy\/).<\/p>\n\n\n\n<h3 class=\"wp-block-heading\">Trasferimento dati ad altri paesi<\/h3>\n\n\n\n<p>Nei casi in cui avessimo bisogno di trasferire dati personali ad altri paesi (ad esempio ad altre societ\u00e0 infragruppo situate nell&#039;UK e nell&#039;UE) ci assicureremo di adottare le misure necessarie per proteggere i vostri diritti alla privacy e garantire che siano adottate garanzie adeguate a posto.<\/p>\n\n\n\n<p>Per fare ci\u00f2 assicuriamo che i trasferimenti di dati personali all&#039;interno del Gruppo Compre siano coperti da un accordo infragruppo che obbliga contrattualmente ciascun membro a garantire che le informazioni personali ricevano un livello di protezione adeguato e coerente.<\/p>\n\n\n\n<p>Se desideri contattarci per ulteriori informazioni sulle garanzie che abbiamo messo in atto per garantire un&#039;adeguata protezione dei tuoi dati personali, ti preghiamo di contattarci utilizzando le informazioni fornite alla fine della presente Informativa sulla privacy.<\/p>\n\n\n\n<h3 class=\"wp-block-heading\">Cancellazione dei dati<\/h3>\n\n\n\n<p>In linea con la nostra politica sulla protezione dei dati, conserveremo i tuoi dati per un periodo non superiore a quello necessario a soddisfare lo scopo per cui sono stati raccolti. Per supportarci nella gestione del periodo di conservazione dei tuoi dati e nella gestione dei record, manteniamo una politica di conservazione dei dati che include linee guida chiare sulla conservazione e l&#039;eliminazione dei dati.<\/p>\n\n\n\n<h3 class=\"wp-block-heading\">I tuoi diritti<\/h3>\n\n\n\n<p>A seconda della legge applicabile, potresti avere i seguenti diritti<\/p>\n\n\n\n<ul class=\"wp-block-list\">\n<li>Il diritto di essere informato su quali dati personali un&#039;azienda raccoglie su di te e su come vengono utilizzati e condivisi;<\/li>\n\n\n\n<li>The right to request and obtain access to your personal information;<\/li>\n\n\n\n<li>Il diritto di rinunciare alla vendita o alla condivisione delle tue informazioni personali;<\/li>\n\n\n\n<li>The right to delete personal information that we collected about you (with some exceptions);<\/li>\n\n\n\n<li>The right to request that we cease, or not to begin using your personal information in certain circumstances;<\/li>\n\n\n\n<li>The right to request correction of inaccurate or incomplete data; and<\/li>\n\n\n\n<li>The right not to be discriminated when exercising your rights.<\/li>\n<\/ul>\n\n\n\n<p>Per motivi di sicurezza, quando eserciti uno di questi diritti, potremmo chiederti ulteriori informazioni per confermare la tua identit\u00e0 prima di divulgare le informazioni personali richieste. Ci riserviamo il diritto di addebitare una commissione ove consentito dalla legge, ad esempio se la tua richiesta \u00e8 manifestamente infondata o eccessiva.<\/p>\n\n\n\n<p>Puoi esercitare i tuoi diritti contattandoci utilizzando le informazioni di contatto visualizzate di seguito. Fatte salve considerazioni legali e altre considerazioni consentite, faremo ogni ragionevole sforzo per onorare la tua richiesta tempestivamente o informarti se abbiamo bisogno di ulteriori informazioni per soddisfare la tua richiesta.<\/p>\n\n\n\n<p>Potremmo non essere sempre in grado di soddisfare pienamente la tua richiesta, ad esempio se ci\u00f2 inciderebbe sul dovere di riservatezza che abbiamo nei confronti di altri o se siamo legalmente autorizzati a trattare la richiesta in modo diverso.<\/p>\n\n\n\n<p>Laddove riceviamo richieste di informazioni da parte delle forze dell&#039;ordine o delle autorit\u00e0 di regolamentazione, convalidiamo attentamente tali richieste prima che vengano divulgate informazioni personali.<\/p>\n\n\n\n<h3 class=\"wp-block-heading\">Marketing<\/h3>\n\n\n\n<p>Compre non utilizzer\u00e0 i tuoi dati personali per scopi di marketing.<\/p>\n\n\n\n<h3 class=\"wp-block-heading\">Profilazione e processo decisionale automatizzato<\/h3>\n\n\n\n<p>Compre non utilizzer\u00e0 i tuoi dati personali per scopi di processo decisionale automatizzato o di profilazione.<\/p>\n\n\n\n<h3 class=\"wp-block-heading\">Bermuda e rappresentanti degli Stati Uniti<\/h3>\n\n\n\n<p>Pallas Reinsurance Company Limited \u00e8 la nostra entit\u00e0 rappresentativa alle Bermuda. L&#039;indirizzo \u00e8: 4th Floor, Victoria Place, 31 Victoria Street, Hamilton, HM10, Bermuda.<\/p>\n\n\n\n<p>Compre Services (USA) LLC \u00e8 la nostra entit\u00e0 rappresentativa negli Stati Uniti. L&#039;indirizzo \u00e8: 250 Commercial Street, Suite 2016, Manchester, NH 03101, USA.<\/p>\n\n\n\n<h3 class=\"wp-block-heading\">Aggiornamenti<\/h3>\n\n\n\n<p>La presente Informativa sulla privacy viene aggiornata di tanto in tanto per tenere conto dei cambiamenti nelle nostre attivit\u00e0 commerciali, dei requisiti legali e per garantire che sia il pi\u00f9 trasparente possibile. Si prega di controllare regolarmente queste pagine per verificare la versione pi\u00f9 recente della presente Informativa sulla privacy.<\/p>\n\n\n\n<h3 class=\"wp-block-heading\">Domande o reclami<\/h3>\n\n\n\n<p>In caso di domande sulla presente Informativa sulla privacy, \u00e8 possibile contattare il nostro Responsabile della protezione dei dati del Gruppo all&#039;indirizzo:<\/p>\n\n\n\n<p>Damiano Everest<br>Responsabile della conformit\u00e0<br><\/p>\n\n\n\n<p>Compre Services (UK) Ltd \u2013 Filiale di Malta<br>Parco del Tridente, Giardini Notabile<br>No. 7 Livello 3<br>Mdina Road, zona 2<br>Distretto centrale degli affari<br>Birkirkara, CBD2010<br>Malta<\/p>\n\n\n\n<p>E-mail:&nbsp;<a href=\"mailto:damian.everest@compre-group.com\">damian.everest@compre-group.com<\/a><br>Telefono: +356 21441355<\/p>\n\n\n\n<p>If you are not satisfied with our response or believe that we are not handling your personal information in accordance with the law, you can complain to the local authorities. In Bermuda, individuals may complain to the following Authority:<\/p>\n\n\n\n<div class=\"wp-block-group is-vertical is-layout-flex wp-container-core-group-is-layout-8cf370e7 wp-block-group-is-layout-flex\">\n<p>Ufficio del Commissario per l&#039;informazione<\/p>\n\n\n\n<p>Edificio Maxwell Roberts<\/p>\n\n\n\n<p>4\u00b0 piano, One Church Street<\/p>\n\n\n\n<p>Hamilton HM11<\/p>\n\n\n\n<p>Bermude<\/p>\n\n\n\n<p><\/p>\n\n\n\n<p>Telefono: +441 5433700<\/p>\n<\/div>","protected":false},"excerpt":{"rendered":"<p>Informativa sulla privacy sulla protezione dei dati \u2013 Bermuda e Stati Uniti d&#039;America Noi di Compre prendiamo molto sul serio i nostri obblighi in materia di protezione dei dati e la sicurezza di tali dati \u00e8 molto importante per noi. Mentre svolgiamo la nostra attivit\u00e0, le entit\u00e0 del Gruppo Compre alle Bermuda e negli Stati Uniti, comprese Compre Group Holdings Limited e il suo [\u2026]<\/p>","protected":false},"author":1,"featured_media":0,"parent":0,"menu_order":0,"comment_status":"closed","ping_status":"closed","template":"","meta":{"footnotes":""},"class_list":["post-2815","page","type-page","status-publish","hentry"],"yoast_head":"<!-- This site is optimized with the Yoast SEO plugin v27.1.1 - https:\/\/yoast.com\/product\/yoast-seo-wordpress\/ -->\n<title>Bermuda and US Privacy Statement - Compre<\/title>\n<meta name=\"robots\" content=\"index, follow, max-snippet:-1, max-image-preview:large, max-video-preview:-1\" \/>\n<link rel=\"canonical\" href=\"https:\/\/compre-group.com\/it\/bermuda-and-us-privacy-statement\/\" \/>\n<meta property=\"og:locale\" content=\"it_IT\" \/>\n<meta property=\"og:type\" content=\"article\" \/>\n<meta property=\"og:title\" content=\"Bermuda and US Privacy Statement - Compre\" \/>\n<meta property=\"og:description\" content=\"Data Protection Privacy Statement \u2013 Bermuda &amp; United States of America&nbsp; At Compre we take our data protection obligations very seriously and the security around that data is very important to us. As we carry on our business, the Compre Group entities in Bermuda and the US, comprising of Compre Group Holdings Limited and its [&hellip;]\" \/>\n<meta property=\"og:url\" content=\"https:\/\/compre-group.com\/it\/bermuda-and-us-privacy-statement\/\" \/>\n<meta property=\"og:site_name\" content=\"Compre\" \/>\n<meta property=\"article:modified_time\" content=\"2025-11-11T17:25:40+00:00\" \/>\n<meta name=\"twitter:card\" content=\"summary_large_image\" \/>\n<meta name=\"twitter:label1\" content=\"Tempo di lettura stimato\" \/>\n\t<meta name=\"twitter:data1\" content=\"8 minuti\" \/>\n<script type=\"application\/ld+json\" class=\"yoast-schema-graph\">{\"@context\":\"https:\/\/schema.org\",\"@graph\":[{\"@type\":\"WebPage\",\"@id\":\"https:\/\/compre-group.com\/bermuda-and-us-privacy-statement\/\",\"url\":\"https:\/\/compre-group.com\/bermuda-and-us-privacy-statement\/\",\"name\":\"Bermuda and US Privacy Statement - Compre\",\"isPartOf\":{\"@id\":\"https:\/\/compre-group.com\/#website\"},\"datePublished\":\"2023-08-04T14:42:51+00:00\",\"dateModified\":\"2025-11-11T17:25:40+00:00\",\"breadcrumb\":{\"@id\":\"https:\/\/compre-group.com\/bermuda-and-us-privacy-statement\/#breadcrumb\"},\"inLanguage\":\"it-IT\",\"potentialAction\":[{\"@type\":\"ReadAction\",\"target\":[\"https:\/\/compre-group.com\/bermuda-and-us-privacy-statement\/\"]}]},{\"@type\":\"BreadcrumbList\",\"@id\":\"https:\/\/compre-group.com\/bermuda-and-us-privacy-statement\/#breadcrumb\",\"itemListElement\":[{\"@type\":\"ListItem\",\"position\":1,\"name\":\"Home\",\"item\":\"https:\/\/compre-group.com\/\"},{\"@type\":\"ListItem\",\"position\":2,\"name\":\"Bermuda and US Privacy Statement\"}]},{\"@type\":\"WebSite\",\"@id\":\"https:\/\/compre-group.com\/#website\",\"url\":\"https:\/\/compre-group.com\/\",\"name\":\"Compre\",\"description\":\"\",\"potentialAction\":[{\"@type\":\"SearchAction\",\"target\":{\"@type\":\"EntryPoint\",\"urlTemplate\":\"https:\/\/compre-group.com\/?s={search_term_string}\"},\"query-input\":{\"@type\":\"PropertyValueSpecification\",\"valueRequired\":true,\"valueName\":\"search_term_string\"}}],\"inLanguage\":\"it-IT\"}]}<\/script>\n<!-- \/ Yoast SEO plugin. -->","yoast_head_json":{"title":"Informativa sulla privacy delle Bermuda e degli Stati Uniti - Compre","robots":{"index":"index","follow":"follow","max-snippet":"max-snippet:-1","max-image-preview":"max-image-preview:large","max-video-preview":"max-video-preview:-1"},"canonical":"https:\/\/compre-group.com\/it\/bermuda-and-us-privacy-statement\/","og_locale":"it_IT","og_type":"article","og_title":"Bermuda and US Privacy Statement - Compre","og_description":"Data Protection Privacy Statement \u2013 Bermuda &amp; United States of America&nbsp; At Compre we take our data protection obligations very seriously and the security around that data is very important to us. As we carry on our business, the Compre Group entities in Bermuda and the US, comprising of Compre Group Holdings Limited and its [&hellip;]","og_url":"https:\/\/compre-group.com\/it\/bermuda-and-us-privacy-statement\/","og_site_name":"Compre","article_modified_time":"2025-11-11T17:25:40+00:00","twitter_card":"summary_large_image","twitter_misc":{"Tempo di lettura stimato":"8 minuti"},"schema":{"@context":"https:\/\/schema.org","@graph":[{"@type":"WebPage","@id":"https:\/\/compre-group.com\/bermuda-and-us-privacy-statement\/","url":"https:\/\/compre-group.com\/bermuda-and-us-privacy-statement\/","name":"Informativa sulla privacy delle Bermuda e degli Stati Uniti - Compre","isPartOf":{"@id":"https:\/\/compre-group.com\/#website"},"datePublished":"2023-08-04T14:42:51+00:00","dateModified":"2025-11-11T17:25:40+00:00","breadcrumb":{"@id":"https:\/\/compre-group.com\/bermuda-and-us-privacy-statement\/#breadcrumb"},"inLanguage":"it-IT","potentialAction":[{"@type":"ReadAction","target":["https:\/\/compre-group.com\/bermuda-and-us-privacy-statement\/"]}]},{"@type":"BreadcrumbList","@id":"https:\/\/compre-group.com\/bermuda-and-us-privacy-statement\/#breadcrumb","itemListElement":[{"@type":"ListItem","position":1,"name":"Home","item":"https:\/\/compre-group.com\/"},{"@type":"ListItem","position":2,"name":"Bermuda and US Privacy Statement"}]},{"@type":"WebSite","@id":"https:\/\/compre-group.com\/#website","url":"https:\/\/compre-group.com\/","name":"Compr","description":"","potentialAction":[{"@type":"SearchAction","target":{"@type":"EntryPoint","urlTemplate":"https:\/\/compre-group.com\/?s={search_term_string}"},"query-input":{"@type":"PropertyValueSpecification","valueRequired":true,"valueName":"search_term_string"}}],"inLanguage":"it-IT"}]}},"_links":{"self":[{"href":"https:\/\/compre-group.com\/it\/wp-json\/wp\/v2\/pages\/2815","targetHints":{"allow":["GET"]}}],"collection":[{"href":"https:\/\/compre-group.com\/it\/wp-json\/wp\/v2\/pages"}],"about":[{"href":"https:\/\/compre-group.com\/it\/wp-json\/wp\/v2\/types\/page"}],"author":[{"embeddable":true,"href":"https:\/\/compre-group.com\/it\/wp-json\/wp\/v2\/users\/1"}],"replies":[{"embeddable":true,"href":"https:\/\/compre-group.com\/it\/wp-json\/wp\/v2\/comments?post=2815"}],"version-history":[{"count":11,"href":"https:\/\/compre-group.com\/it\/wp-json\/wp\/v2\/pages\/2815\/revisions"}],"predecessor-version":[{"id":3595,"href":"https:\/\/compre-group.com\/it\/wp-json\/wp\/v2\/pages\/2815\/revisions\/3595"}],"wp:attachment":[{"href":"https:\/\/compre-group.com\/it\/wp-json\/wp\/v2\/media?parent=2815"}],"curies":[{"name":"parola chiave","href":"https:\/\/api.w.org\/{rel}","templated":true}]}}