{"id":2812,"date":"2023-08-04T14:40:41","date_gmt":"2023-08-04T14:40:41","guid":{"rendered":"https:\/\/compre-group.com\/?page_id=2812"},"modified":"2025-11-11T17:15:01","modified_gmt":"2025-11-11T17:15:01","slug":"eu-and-uk-privacy-statement","status":"publish","type":"page","link":"https:\/\/compre-group.com\/it\/eu-and-uk-privacy-statement\/","title":{"rendered":"Informativa sulla privacy sulla protezione dei dati \u2013 UK ed Europa\u00a0"},"content":{"rendered":"<h3 class=\"wp-block-heading\"><strong>Informativa sulla privacy sulla protezione dei dati \u2013 UK ed Europa&nbsp;<\/strong><\/h3>\n\n\n\n<p>In Compre prendiamo molto seriamente i nostri obblighi in materia di protezione dei dati e la sicurezza di tali dati \u00e8 per noi di fondamentale importanza. Nell&#039;ambito della nostra attivit\u00e0, le entit\u00e0 UK ed europee del Gruppo Compre, comprendenti Bothnia International Insurance Company Limited, Compre Services (UK) Limited, Compre Services (UK) Limited (Malta) Branch, London &amp; Leith SE, Compre Services (Finland) Oy, Compre Services (Germany) GmbH e Compre Services (Switzerland) AG, raccolgono e utilizzano determinate informazioni sulle persone in qualit\u00e0 di titolari del trattamento dei dati. Le informazioni possono provenire da diverse fonti e riguardano richiedenti, assicurati, beneficiari, riassicuratori, fornitori di servizi terzi, fornitori, contatti commerciali, potenziali partner commerciali e target, nonch\u00e9 altre persone con cui intratteniamo rapporti commerciali. Di seguito, desideriamo informarvi sul trattamento dei vostri dati personali da parte delle entit\u00e0 UK ed europee del Gruppo Compre, comprese le modalit\u00e0 di raccolta e utilizzo dei vostri dati personali, i soggetti con cui li condividiamo e i vostri diritti al riguardo.<\/p>\n\n\n\n<p>Il trattamento dei tuoi Dati Personali \u00e8 regolato da normative diverse in luoghi diversi. A seconda della tua giurisdizione, alcune o tutte queste disposizioni potrebbero applicarsi al tuo caso. In caso di domande su ci\u00f2 che si applica nella tua giurisdizione, non esitare a contattarci utilizzando i dettagli di contatto forniti di seguito.<\/p>\n\n\n\n<h3 class=\"wp-block-heading\">Scope of Processing and information we collect<\/h3>\n\n\n\n<p>At Compre we may collect and use your personal data in our normal course of business for the following purposes:<\/p>\n\n\n\n<p><strong>Per l&#039;amministrazione della polizza e l&#039;elaborazione dei reclami:<\/strong><\/p>\n\n\n\n<ul class=\"wp-block-list\">\n<li>Consulenza, organizzazione, sottoscrizione o amministrazione di un contratto di assicurazione o riassicurazione;<\/li>\n\n\n\n<li>Gestione di un sinistro ai sensi di un contratto di assicurazione o riassicurazione;<\/li>\n<\/ul>\n\n\n\n<p><strong>Per le attivit\u00e0 legate alla Business Generation e alle fusioni e acquisizioni:<\/strong><\/p>\n\n\n\n<ul class=\"wp-block-list\">\n<li>Managing our business relationship(s) with client(s);<\/li>\n\n\n\n<li>Potenziali acquisizioni;<\/li>\n\n\n\n<li>Integrating acquired business into our system;<\/li>\n\n\n\n<li>Gestione dei visitatori dei locali Compre;<\/li>\n<\/ul>\n\n\n\n<p><strong>Per motivi di lavoro:<\/strong><\/p>\n\n\n\n<ul class=\"wp-block-list\">\n<li>Administering employment contracts;<\/li>\n\n\n\n<li>Rispetto delle leggi sul lavoro;<\/li>\n\n\n\n<li>Recruitment including assessment of job applicants;<\/li>\n\n\n\n<li>Diversity and equal opportunities monitoring;<\/li>\n<\/ul>\n\n\n\n<p><strong>Per Finalit\u00e0 Antiriciclaggio, Sanzioni e Prevenzione Frodi:<\/strong><\/p>\n\n\n\n<ul class=\"wp-block-list\">\n<li>Effettuare controlli antiriciclaggio e &quot;conosci il tuo cliente&quot;, nonch\u00e9 lo screening delle sanzioni, al fine di rispettare le leggi applicabili e le indicazioni normative;<\/li>\n<\/ul>\n\n\n\n<p><strong>Per questioni relative all&#039;IT, inclusa la gestione del nostro sito web:<\/strong><\/p>\n\n\n\n<ul class=\"wp-block-list\">\n<li>Responding to requests for IT support;&nbsp;<\/li>\n\n\n\n<li>Effettuare analisi relative all&#039;utilizzo del nostro sito Web e\/o dei nostri servizi.<\/li>\n<\/ul>\n\n\n\n<p><strong>The categories of information we collect are:<\/strong><\/p>\n\n\n\n<ul class=\"wp-block-list\">\n<li>General data \u2013 including your name, date of birth, address, email address, marital status, phone number, gender, car registration data, claims history, IP address, CCTV images etc;<\/li>\n\n\n\n<li>Informazioni dettagliate sul sinistro, comprese le informazioni sugli assicurati, sui testimoni, sulle parti correlate, sugli esperti nominati e sui fornitori di servizi di terze parti; referti medici, informazioni sulla disabilit\u00e0 e condanne penali pregresse (le cosiddette \u201ccategorie particolari\u201d di dati);<\/li>\n\n\n\n<li>Fraud and sanctions related data \u2013 including information as a result of our investigations such as checks from publicly available sources;<\/li>\n\n\n\n<li>Education and employment-related data \u2013 including your education, vocational and professional qualifications, employment status, job title and employment and educational history;<\/li>\n\n\n\n<li>Financial data \u2013 including credit and payment card numbers, bank account details, payment information, tax information and details of income and assets.<\/li>\n<\/ul>\n\n\n\n<h3 class=\"wp-block-heading\">How do we collect data<\/h3>\n\n\n\n<p>You may directly provide Compre with the data we collect or we may collect data and process data when you:<\/p>\n\n\n\n<ul class=\"wp-block-list\">\n<li>Use or view our website via your browser`s cookies;<\/li>\n\n\n\n<li>Submit a CV for recruitment purposes;<\/li>\n\n\n\n<li>Submit a complaint;<\/li>\n\n\n\n<li>Request IT assistance;<\/li>\n\n\n\n<li>Renew your insurance contract;<\/li>\n\n\n\n<li>Frequenta i nostri uffici;<\/li>\n\n\n\n<li>Dai biglietti da visita che ci fornisci;<\/li>\n\n\n\n<li>Inviaci un&#039;e-mail o telefonaci; O<\/li>\n\n\n\n<li>Invia un reclamo.<\/li>\n<\/ul>\n\n\n\n<p>Compre pu\u00f2 anche ricevere i tuoi dati indirettamente da una serie di fonti, tra cui altre compagnie di assicurazione e riassicurazione, consulenti legali, broker, rappresentanti designati e altri partner commerciali.<\/p>\n\n\n\n<p>Laddove ci fornisci informazioni personali di terzi, dovresti informarli che lo stai facendo, ove possibile.<\/p>\n\n\n\n<h3 class=\"wp-block-heading\">Basi legali per l&#039;elaborazione<\/h3>\n\n\n\n<p>Raccogliamo e utilizziamo le informazioni personali in conformit\u00e0 con le leggi e i regolamenti applicabili sulla protezione dei dati. Per legge, dobbiamo disporre di una giustificazione legale, nota come base legale, per poter utilizzare le tue informazioni personali per gli scopi descritti nella presente Informativa sulla privacy. A seconda dello scopo, la nostra base giuridica sar\u00e0 una delle seguenti:<\/p>\n\n\n\n<ul class=\"wp-block-list\">\n<li>Esecuzione di un contratto - per organizzare, sottoscrivere o gestire reclami in conformit\u00e0 con i loro termini;<\/li>\n\n\n\n<li>Conformit\u00e0 con un obbligo legale - per adempiere alle responsabilit\u00e0 che abbiamo nei confronti delle nostre autorit\u00e0 di regolamentazione, funzionari fiscali, forze dell&#039;ordine o altre responsabilit\u00e0 legali;<\/li>\n\n\n\n<li>Interessi legittimi: gestire e migliorare i nostri prodotti e servizi e mantenere le persone informate sui nostri prodotti e servizi o per qualsiasi altro scopo che identifichiamo come appropriato per le nostre esigenze aziendali o quelle esigenze aziendali di terzi;<\/li>\n\n\n\n<li>Consenso: laddove abbiamo ottenuto i consensi appropriati per raccogliere o utilizzare le tue informazioni personali per uno scopo particolare.<\/li>\n<\/ul>\n\n\n\n<h3 class=\"wp-block-heading\">La sicurezza dei dati<\/h3>\n\n\n\n<p>All&#039;interno di Compre ci assicureremo di utilizzare misure ragionevoli per proteggere i dati personali. Ci\u00f2 includer\u00e0 una combinazione di misure di sicurezza fisiche ed elettroniche progettate per ridurre il rischio di distruzione o perdita accidentale, o la divulgazione o l&#039;accesso non autorizzato a tali informazioni, appropriato alla natura delle informazioni in questione. Le misure che adottiamo includono l&#039;imposizione di requisiti di riservatezza ai membri del nostro personale e ai Fornitori di servizi; distruggere o rendere anonime in modo permanente le informazioni personali se non sono pi\u00f9 necessarie per gli scopi per i quali sono state raccolte. Poich\u00e9 la sicurezza delle informazioni dipende in parte dalla sicurezza del computer utilizzato per comunicare con noi e dalla sicurezza utilizzata per proteggere gli ID utente e le password, si prega di adottare le misure appropriate per proteggere queste informazioni.<\/p>\n\n\n\n<h3 class=\"wp-block-heading\">Con chi condividiamo i dati personali<\/h3>\n\n\n\n<p>Per le finalit\u00e0 sopra indicate, a volte condivideremo i tuoi dati personali con societ\u00e0 del gruppo Compre e terze parti, tra cui:<\/p>\n\n\n\n<ul class=\"wp-block-list\">\n<li>Altre compagnie di assicurazione e riassicurazione;<\/li>\n\n\n\n<li>Consulenti legali e societ\u00e0 di servizi professionali che agiscono per nostro o vostro conto;<\/li>\n\n\n\n<li>Esperti nominati allo scopo di adempiere ai nostri obblighi;<\/li>\n\n\n\n<li>Broker, rappresentanti designati e altri partner commerciali;<\/li>\n\n\n\n<li>Compre dipendenti;<\/li>\n\n\n\n<li>Amministratori di terze parti;<\/li>\n\n\n\n<li>Agenzie di riferimento del credito;<\/li>\n\n\n\n<li>Organismi e autorit\u00e0 di regolamentazione;<\/li>\n\n\n\n<li>dei revisori dei conti<\/li>\n\n\n\n<li>Tribunali e controparti;<\/li>\n\n\n\n<li>fornitori di servizi informatici;<\/li>\n\n\n\n<li>Acquirenti terzi potenziali o effettivi della nostra attivit\u00e0 o dei nostri beni;&nbsp;<\/li>\n\n\n\n<li>Fornitori di servizi collegati alla nostra attivit\u00e0.<\/li>\n<\/ul>\n\n\n\n<p>Potremmo condividere in forma aggregata, statistica, informazioni non personali riguardanti i visitatori del nostro sito Web, i modelli di traffico e l&#039;utilizzo del sito Web con i nostri affiliati o inserzionisti. I cookie tracciano i dispositivi mentre navigano nel nostro sito web. Si prega di consultare la nostra politica sui cookie per ulteriori informazioni (https:\/\/compre-group.com\/cookies-policy\/).<\/p>\n\n\n\n<h3 class=\"wp-block-heading\">Trasferimento dati verso paesi terzi<\/h3>\n\n\n\n<p>Nei casi in cui avessimo bisogno di trasferire dati personali al di fuori del SEE e di UK (ad esempio ad altre societ\u00e0 infragruppo situate alle Bermuda e negli Stati Uniti), ci assicureremo di adottare le misure necessarie per proteggere i vostri diritti alla privacy e garantire che adeguati sono in atto misure di salvaguardia.<\/p>\n\n\n\n<p>Per fare ci\u00f2 garantiamo che i trasferimenti di dati personali all\u2019interno del Gruppo Compre siano coperti da un accordo infragruppo che obbliga contrattualmente ciascun membro a garantire che le informazioni personali ricevano un livello di protezione adeguato e coerente.<\/p>\n\n\n\n<p>Laddove trasferiamo dati a terzi in giurisdizioni al di fuori dello SEE, ci assicuriamo che sia verso una giurisdizione ritenuta adeguata dalla Commissione Europea o dal governo UK oppure otteniamo da loro impegni contrattuali per proteggere le vostre informazioni personali a un livello equivalente. livello consentito dal GDPR.<\/p>\n\n\n\n<p>Se desideri contattarci per ulteriori informazioni sulle garanzie che abbiamo messo in atto per garantire un&#039;adeguata protezione delle tue informazioni personali, ti preghiamo di contattarci utilizzando le informazioni fornite alla fine di questa Informativa sulla privacy.<\/p>\n\n\n\n<h3 class=\"wp-block-heading\">Cancellazione dei dati<\/h3>\n\n\n\n<p>In linea con la nostra politica sulla protezione dei dati, conserveremo i tuoi dati per un periodo non superiore a quello necessario a soddisfare lo scopo per cui sono stati raccolti. Per supportarci nella gestione del periodo di conservazione dei tuoi dati e nella gestione dei record, manteniamo una politica di conservazione dei dati che include linee guida chiare sulla conservazione e l&#039;eliminazione dei dati.<\/p>\n\n\n\n<h3 class=\"wp-block-heading\">I tuoi diritti<\/h3>\n\n\n\n<p>In conformit\u00e0 con il regolamento generale sulla protezione dei dati, hai i seguenti diritti:<\/p>\n\n\n\n<h3 class=\"wp-block-heading\">Il diritto di accesso<\/h3>\n\n\n\n<p>Hai il diritto di ricevere una copia dei tuoi dati personali che stiamo elaborando. Questa \u00e8 nota come richiesta di accesso ai dati personali.<\/p>\n\n\n\n<h3 class=\"wp-block-heading\">Il diritto alla rettifica<\/h3>\n\n\n\n<p>Se ritieni che i tuoi dati personali siano imprecisi o incompleti, hai il diritto di rettificare i tuoi dati personali.<\/p>\n\n\n\n<h3 class=\"wp-block-heading\">Il diritto alla cancellazione<\/h3>\n\n\n\n<p>In determinate circostanze hai il diritto di richiedere la cancellazione o la rimozione dei dati personali laddove non vi sia motivo per continuare a elaborarli.<\/p>\n\n\n\n<h3 class=\"wp-block-heading\">Il diritto alla limitazione del trattamento<\/h3>\n\n\n\n<p>In determinate circostanze hai il diritto di chiederci di sospendere il trattamento delle tue informazioni personali, ad esempio se desideri che ne stabiliamo l&#039;esattezza o il motivo del trattamento dei dati.<\/p>\n\n\n\n<h3 class=\"wp-block-heading\">Il diritto alla portabilit\u00e0 dei dati<\/h3>\n\n\n\n<p>In determinate circostanze hai il diritto di ottenere e riutilizzare i tuoi dati personali chiedendoci di trasferire i tuoi dati personali che hai fornito a un&#039;altra terza parte di tua scelta.<\/p>\n\n\n\n<h3 class=\"wp-block-heading\">Il diritto di opporsi<\/h3>\n\n\n\n<p>In determinate circostanze potresti avere il diritto di opporti al trattamento dei tuoi dati personali.<\/p>\n\n\n\n<h3 class=\"wp-block-heading\">Il diritto di revocare il consenso<\/h3>\n\n\n\n<p>Hai il diritto di revocare il consenso al trattamento dei tuoi dati personali (laddove questa sia la base su cui trattiamo i tuoi dati personali). La revoca del consenso non pregiudicher\u00e0 la liceit\u00e0 del trattamento che abbiamo intrapreso prima della revoca del consenso.<\/p>\n\n\n\n<p>Per motivi di sicurezza, quando eserciti uno di questi diritti, potremmo chiederti ulteriori informazioni per confermare la tua identit\u00e0 prima di divulgare le informazioni personali richieste. Ci riserviamo il diritto di addebitare una commissione ove consentito dalla legge, ad esempio se la tua richiesta \u00e8 manifestamente infondata o eccessiva.<\/p>\n\n\n\n<p>Puoi esercitare i tuoi diritti contattandoci utilizzando le informazioni di contatto visualizzate di seguito. Fatte salve considerazioni legali e altre considerazioni consentite, faremo ogni ragionevole sforzo per onorare la tua richiesta tempestivamente o informarti se abbiamo bisogno di ulteriori informazioni per soddisfare la tua richiesta.<\/p>\n\n\n\n<p>Potremmo non essere sempre in grado di soddisfare pienamente la tua richiesta, ad esempio se ci\u00f2 inciderebbe sul dovere di riservatezza che abbiamo nei confronti di altri o se siamo legalmente autorizzati a trattare la richiesta in modo diverso.<\/p>\n\n\n\n<p>Laddove riceviamo richieste di informazioni da parte delle forze dell&#039;ordine o delle autorit\u00e0 di regolamentazione, convalidiamo attentamente tali richieste prima che vengano divulgate informazioni personali.<\/p>\n\n\n\n<h3 class=\"wp-block-heading\">Marketing<\/h3>\n\n\n\n<p>Compre non utilizzer\u00e0 i tuoi dati personali per scopi di marketing.<\/p>\n\n\n\n<h3 class=\"wp-block-heading\"><strong>Profilazione e processo decisionale automatizzato<\/strong><\/h3>\n\n\n\n<p>Compre non utilizzer\u00e0 i tuoi dati personali per scopi di processo decisionale automatizzato o di profilazione.<\/p>\n\n\n\n<h3 class=\"wp-block-heading\">Rappresentanti UE\/UK<\/h3>\n\n\n\n<p>Bothnia International Insurance Company Limited \u00e8 stata nominata nostro rappresentante nell&#039;UE ai sensi del GDPR dell&#039;UE. Eventuali domande o commenti da parte di individui dell&#039;UE o autorit\u00e0 di vigilanza in merito al trattamento dei dati personali da parte di una qualsiasi delle entit\u00e0 Compre situate al di fuori dell&#039;UE possono essere indirizzati a<a href=\"mailto:juha.nora@compre-group.com\">&nbsp;juha.nora@compre-group.com. <\/a>&nbsp;<br>&nbsp;<br>Compre Services (UK) Limited \u00e8 stata nominata nostro rappresentante UK ai sensi del GDPR UK. Eventuali domande o commenti da parte di individui UK o dell&#039;ICO in merito al trattamento dei dati personali da parte di una qualsiasi delle entit\u00e0 Compre situate al di fuori di UK possono essere indirizzate a <a href=\"http:\/\/simon.hawkins@compre-group.com.\">&nbsp;<\/a><a href=\"mailto:simon.hawkins@compre-group.com.\">simon.hawkins@compre-group.com.<\/a><\/p>\n\n\n\n<h3 class=\"wp-block-heading\">Aggiornamenti<\/h3>\n\n\n\n<p>La presente Informativa sulla privacy viene aggiornata di tanto in tanto per tenere conto dei cambiamenti nelle nostre attivit\u00e0 commerciali, dei requisiti legali e per garantire che sia il pi\u00f9 trasparente possibile. Ti invitiamo a controllare regolarmente queste pagine per verificare la versione pi\u00f9 recente della presente Informativa sulla Privacy.<\/p>\n\n\n\n<h3 class=\"wp-block-heading\">Domande o reclami<\/h3>\n\n\n\n<p>In caso di domande sulla presente Informativa sulla privacy, \u00e8 possibile contattare il nostro Responsabile della protezione dei dati del Gruppo all&#039;indirizzo:<\/p>\n\n\n\n<p>Damiano Everest<br>Responsabile della conformit\u00e0<\/p>\n\n\n\n<p>Compre Services (UK) Ltd \u2013 Filiale di Malta<br>Parco del Tridente, Giardini Notabile<br>No. 7 Livello 3<br>Mdina Road, zona 2<br>Distretto centrale degli affari<br>Birkirkara, CBD2010<br>Malta<\/p>\n\n\n\n<p>E-mail:\u00a0<a href=\"mailto:damian.everest@compre-group.com\">damian.everest@compre-group.com<\/a><br>Telefono: +356 2144 1355<\/p>\n\n\n\n<p>Se non sei soddisfatto della nostra risposta o ritieni che non stiamo trattando i tuoi dati personali in conformit\u00e0 con la legge puoi presentare un reclamo ai seguenti organismi:<\/p>\n\n\n\n<p><strong>Europa:<\/strong><br>Ufficio del garante della protezione dei dati<br>Casella postale 800<br>00531Helsinki<br>Finlandia<\/p>\n\n\n\n<p>Telefono: +358 (0)29 566 6700<\/p>\n\n\n\n<p><strong>UK<\/strong><br>Ufficio del commissario per l&#039;informazione<br>Casa Wycliffe<br>Vicolo dell&#039;acqua<br>Wilmslow<br>Cheshire<br>Regno Unito<br>SK9 5AF<\/p>\n\n\n\n<p>Telefono: +44 0303 123 1113<\/p>","protected":false},"excerpt":{"rendered":"<p>Dichiarazione sulla privacy per la protezione dei dati \u2013 UK &amp; Europe In Compre prendiamo molto seriamente i nostri obblighi di protezione dei dati e la sicurezza attorno a tali dati \u00e8 molto importante per noi. Mentre svolgiamo la nostra attivit\u00e0, le entit\u00e0 Compre Group UK &amp; European, comprendenti Bothnia International Insurance Company Limited, Compre Services (UK) Limited, Compre Services [\u2026]<\/p>","protected":false},"author":1,"featured_media":0,"parent":0,"menu_order":0,"comment_status":"closed","ping_status":"closed","template":"","meta":{"footnotes":""},"class_list":["post-2812","page","type-page","status-publish","hentry"],"yoast_head":"<!-- This site is optimized with the Yoast SEO plugin v27.1.1 - https:\/\/yoast.com\/product\/yoast-seo-wordpress\/ -->\n<title>Data Protection Privacy Statement \u2013 UK &amp; Europe\u00a0 - Compre<\/title>\n<meta name=\"robots\" content=\"index, follow, max-snippet:-1, max-image-preview:large, max-video-preview:-1\" \/>\n<link rel=\"canonical\" href=\"https:\/\/compre-group.com\/it\/eu-and-uk-privacy-statement\/\" \/>\n<meta property=\"og:locale\" content=\"it_IT\" \/>\n<meta property=\"og:type\" content=\"article\" \/>\n<meta property=\"og:title\" content=\"Data Protection Privacy Statement \u2013 UK &amp; Europe\u00a0 - Compre\" \/>\n<meta property=\"og:description\" content=\"Data Protection Privacy Statement \u2013 UK &amp; Europe&nbsp; At Compre we take our data protection obligations very seriously and the security around that data is very important to us. As we carry on our business, the Compre Group UK &amp; European entities, comprising of Bothnia International Insurance Company Limited, Compre Services (UK) Limited, Compre Services [&hellip;]\" \/>\n<meta property=\"og:url\" content=\"https:\/\/compre-group.com\/it\/eu-and-uk-privacy-statement\/\" \/>\n<meta property=\"og:site_name\" content=\"Compre\" \/>\n<meta property=\"article:modified_time\" content=\"2025-11-11T17:15:01+00:00\" \/>\n<meta name=\"twitter:card\" content=\"summary_large_image\" \/>\n<meta name=\"twitter:label1\" content=\"Tempo di lettura stimato\" \/>\n\t<meta name=\"twitter:data1\" content=\"9 minuti\" \/>\n<script type=\"application\/ld+json\" class=\"yoast-schema-graph\">{\"@context\":\"https:\/\/schema.org\",\"@graph\":[{\"@type\":\"WebPage\",\"@id\":\"https:\/\/compre-group.com\/eu-and-uk-privacy-statement\/\",\"url\":\"https:\/\/compre-group.com\/eu-and-uk-privacy-statement\/\",\"name\":\"Data Protection Privacy Statement \u2013 UK &amp; Europe\u00a0 - Compre\",\"isPartOf\":{\"@id\":\"https:\/\/compre-group.com\/#website\"},\"datePublished\":\"2023-08-04T14:40:41+00:00\",\"dateModified\":\"2025-11-11T17:15:01+00:00\",\"breadcrumb\":{\"@id\":\"https:\/\/compre-group.com\/eu-and-uk-privacy-statement\/#breadcrumb\"},\"inLanguage\":\"it-IT\",\"potentialAction\":[{\"@type\":\"ReadAction\",\"target\":[\"https:\/\/compre-group.com\/eu-and-uk-privacy-statement\/\"]}]},{\"@type\":\"BreadcrumbList\",\"@id\":\"https:\/\/compre-group.com\/eu-and-uk-privacy-statement\/#breadcrumb\",\"itemListElement\":[{\"@type\":\"ListItem\",\"position\":1,\"name\":\"Home\",\"item\":\"https:\/\/compre-group.com\/\"},{\"@type\":\"ListItem\",\"position\":2,\"name\":\"Data Protection Privacy Statement \u2013 UK &amp; Europe\u00a0\"}]},{\"@type\":\"WebSite\",\"@id\":\"https:\/\/compre-group.com\/#website\",\"url\":\"https:\/\/compre-group.com\/\",\"name\":\"Compre\",\"description\":\"\",\"potentialAction\":[{\"@type\":\"SearchAction\",\"target\":{\"@type\":\"EntryPoint\",\"urlTemplate\":\"https:\/\/compre-group.com\/?s={search_term_string}\"},\"query-input\":{\"@type\":\"PropertyValueSpecification\",\"valueRequired\":true,\"valueName\":\"search_term_string\"}}],\"inLanguage\":\"it-IT\"}]}<\/script>\n<!-- \/ Yoast SEO plugin. -->","yoast_head_json":{"title":"Informativa sulla privacy sulla protezione dei dati \u2013 UK &amp; Europe - Compre","robots":{"index":"index","follow":"follow","max-snippet":"max-snippet:-1","max-image-preview":"max-image-preview:large","max-video-preview":"max-video-preview:-1"},"canonical":"https:\/\/compre-group.com\/it\/eu-and-uk-privacy-statement\/","og_locale":"it_IT","og_type":"article","og_title":"Data Protection Privacy Statement \u2013 UK &amp; Europe\u00a0 - Compre","og_description":"Data Protection Privacy Statement \u2013 UK &amp; Europe&nbsp; At Compre we take our data protection obligations very seriously and the security around that data is very important to us. As we carry on our business, the Compre Group UK &amp; European entities, comprising of Bothnia International Insurance Company Limited, Compre Services (UK) Limited, Compre Services [&hellip;]","og_url":"https:\/\/compre-group.com\/it\/eu-and-uk-privacy-statement\/","og_site_name":"Compre","article_modified_time":"2025-11-11T17:15:01+00:00","twitter_card":"summary_large_image","twitter_misc":{"Tempo di lettura stimato":"9 minuti"},"schema":{"@context":"https:\/\/schema.org","@graph":[{"@type":"WebPage","@id":"https:\/\/compre-group.com\/eu-and-uk-privacy-statement\/","url":"https:\/\/compre-group.com\/eu-and-uk-privacy-statement\/","name":"Informativa sulla privacy sulla protezione dei dati \u2013 UK &amp; Europe - Compre","isPartOf":{"@id":"https:\/\/compre-group.com\/#website"},"datePublished":"2023-08-04T14:40:41+00:00","dateModified":"2025-11-11T17:15:01+00:00","breadcrumb":{"@id":"https:\/\/compre-group.com\/eu-and-uk-privacy-statement\/#breadcrumb"},"inLanguage":"it-IT","potentialAction":[{"@type":"ReadAction","target":["https:\/\/compre-group.com\/eu-and-uk-privacy-statement\/"]}]},{"@type":"BreadcrumbList","@id":"https:\/\/compre-group.com\/eu-and-uk-privacy-statement\/#breadcrumb","itemListElement":[{"@type":"ListItem","position":1,"name":"Home","item":"https:\/\/compre-group.com\/"},{"@type":"ListItem","position":2,"name":"Data Protection Privacy Statement \u2013 UK &amp; Europe\u00a0"}]},{"@type":"WebSite","@id":"https:\/\/compre-group.com\/#website","url":"https:\/\/compre-group.com\/","name":"Compr","description":"","potentialAction":[{"@type":"SearchAction","target":{"@type":"EntryPoint","urlTemplate":"https:\/\/compre-group.com\/?s={search_term_string}"},"query-input":{"@type":"PropertyValueSpecification","valueRequired":true,"valueName":"search_term_string"}}],"inLanguage":"it-IT"}]}},"_links":{"self":[{"href":"https:\/\/compre-group.com\/it\/wp-json\/wp\/v2\/pages\/2812","targetHints":{"allow":["GET"]}}],"collection":[{"href":"https:\/\/compre-group.com\/it\/wp-json\/wp\/v2\/pages"}],"about":[{"href":"https:\/\/compre-group.com\/it\/wp-json\/wp\/v2\/types\/page"}],"author":[{"embeddable":true,"href":"https:\/\/compre-group.com\/it\/wp-json\/wp\/v2\/users\/1"}],"replies":[{"embeddable":true,"href":"https:\/\/compre-group.com\/it\/wp-json\/wp\/v2\/comments?post=2812"}],"version-history":[{"count":19,"href":"https:\/\/compre-group.com\/it\/wp-json\/wp\/v2\/pages\/2812\/revisions"}],"predecessor-version":[{"id":3591,"href":"https:\/\/compre-group.com\/it\/wp-json\/wp\/v2\/pages\/2812\/revisions\/3591"}],"wp:attachment":[{"href":"https:\/\/compre-group.com\/it\/wp-json\/wp\/v2\/media?parent=2812"}],"curies":[{"name":"parola chiave","href":"https:\/\/api.w.org\/{rel}","templated":true}]}}