{"id":748,"date":"2021-09-20T13:44:48","date_gmt":"2021-09-20T13:44:48","guid":{"rendered":"https:\/\/compre-group.com\/?page_id=748"},"modified":"2024-10-11T15:19:16","modified_gmt":"2024-10-11T15:19:16","slug":"privacy-statement","status":"publish","type":"page","link":"https:\/\/compre-group.com\/fr\/privacy-statement\/","title":{"rendered":"D\u00e9claration de confidentialit\u00e9"},"content":{"rendered":"<h3 class=\"wp-block-heading\">D\u00e9claration de confidentialit\u00e9 relative \u00e0 la protection des donn\u00e9es<\/h3>\n\n\n\n<p>Chez Compre, nous prenons tr\u00e8s au s\u00e9rieux nos obligations en mati\u00e8re de protection des donn\u00e9es et la s\u00e9curit\u00e9 de ces donn\u00e9es est tr\u00e8s importante pour nous. Dans le cadre de nos activit\u00e9s, le groupe Compre, compos\u00e9 de Cambridge TopCo Limited \u00e0 Malte et de toutes ses filiales (ensemble \u00ab\u00a0Compre\u00a0\u00bb), recueille et utilise certaines informations sur les personnes en tant que contr\u00f4leur de donn\u00e9es. Les informations peuvent provenir de diverses sources et concernent des demandeurs, des assur\u00e9s, des b\u00e9n\u00e9ficiaires, des r\u00e9assur\u00e9s, des prestataires de services tiers, des fournisseurs, des contacts commerciaux, des partenaires commerciaux potentiels et des cibles, ainsi que d&#039;autres personnes avec lesquelles nous entretenons une relation commerciale. Dans ce qui suit, nous souhaitons vous informer sur le traitement de vos donn\u00e9es personnelles par Compre Group, y compris la mani\u00e8re dont nous collectons et utilisons vos donn\u00e9es personnelles, avec qui nous partageons vos donn\u00e9es personnelles, ainsi que vos droits \u00e0 cet \u00e9gard.<\/p>\n\n\n\n<p>Le traitement de vos donn\u00e9es personnelles est r\u00e9glement\u00e9 par diff\u00e9rentes l\u00e9gislations dans diff\u00e9rents endroits. Selon votre juridiction, certaines ou toutes ces dispositions peuvent s&#039;appliquer \u00e0 vous. Si vous avez des questions sur ce qui s&#039;applique dans votre juridiction, n&#039;h\u00e9sitez pas \u00e0 nous contacter en utilisant les coordonn\u00e9es fournies ci-dessous.<\/p>\n\n\n\n<h3 class=\"wp-block-heading\">Scope of Processing and information we collect<\/h3>\n\n\n\n<p>At Compre we may collect and use your personal data in our normal course of business for the following purposes:<\/p>\n\n\n\n<ol class=\"wp-block-list\" type=\"a\"><li>Conseil, mise en place, souscription ou administration d&#039;un contrat d&#039;assurance\u00a0;<\/li><li>Administrer une r\u00e9clamation en vertu d&#039;un contrat d&#039;assurance;<\/li><li>Administering employment contracts;<\/li><li>Effectuer des contr\u00f4les anti-blanchiment d&#039;argent et &quot;conna\u00eetre votre client&quot;, ainsi que des contr\u00f4les de sanctions, afin de se conformer aux lois applicables et aux directives r\u00e9glementaires<\/li><li>applicable \u00e0 une entreprise d&#039;assurance\u00a0;<\/li><li>Managing our business relationship(s) with client(s);<\/li><li>Acquisitions potentielles et int\u00e9gration post-ach\u00e8vement\u00a0;<\/li><li>Responding to requests for IT support;<\/li><li>Integrating acquired business into our system;<\/li><li>Entreprendre des analyses concernant l&#039;utilisation de notre site Web et\/ou de nos services\u00a0;<\/li><li>Recruitment including assessment of job applicants;<\/li><li>Diversity and equal opportunities monitoring;<\/li><li>Assurer le respect des lois applicables\u00a0;<\/li><li>Comprendre l&#039;utilisation du site Web et des services en ligne\u00a0; et<\/li><li>G\u00e9rer les visiteurs des locaux de Compre.<\/li><\/ol>\n\n\n\n<p>The categories of information we collect are:<\/p>\n\n\n\n<ul class=\"wp-block-list\">\n<li>General data \u2013 including your name, date of birth, address, email address, marital status, phone number, gender, car registration data, claims history, IP address, CCTV images etc;<\/li>\n\n\n\n<li>Des informations d\u00e9taill\u00e9es sur votre r\u00e9clamation - y compris les informations sur le titulaire de police, les t\u00e9moins, les parties li\u00e9es, les experts nomm\u00e9s et les prestataires de services tiers\u00a0; les rapports m\u00e9dicaux, les informations sur le handicap et les condamnations p\u00e9nales ant\u00e9rieures (c&#039;est ce que l&#039;on appelle des donn\u00e9es de \u00ab\u00a0cat\u00e9gorie sp\u00e9ciale\u00a0\u00bb)\u00a0;<\/li>\n\n\n\n<li>Fraud and sanctions related data \u2013 including information as a result of our investigations such as checks from publicly available sources;<\/li>\n\n\n\n<li>Education and employment-related data \u2013 including your education, vocational and professional qualifications, employment status, job title and employment and educational history;<\/li>\n\n\n\n<li>Financial data \u2013 including credit and payment card numbers, bank account details, payment information, tax information and details of income and assets.<\/li>\n<\/ul>\n\n\n\n<h3 class=\"wp-block-heading\">How do we collect data<\/h3>\n\n\n\n<p>You may directly provide Compre with the data we collect or we may collect data and process data when you:<\/p>\n\n\n\n<ul class=\"wp-block-list\">\n<li>Use or view our website via your browser`s cookies;<\/li>\n\n\n\n<li>Submit a CV for recruitment purposes;<\/li>\n\n\n\n<li>Submit a complaint;<\/li>\n\n\n\n<li>Request IT assistance;<\/li>\n\n\n\n<li>Renew your insurance contract;<\/li>\n\n\n\n<li>Assistez \u00e0 nos bureaux;<\/li>\n\n\n\n<li>\u00c0 partir des cartes de visite que vous nous fournissez\u00a0;<\/li>\n\n\n\n<li>Envoyez-nous un courriel ou t\u00e9l\u00e9phonez-nous; ou<\/li>\n\n\n\n<li>Soumettre une r\u00e9clamation.<\/li>\n<\/ul>\n\n\n\n<p>Compre peut \u00e9galement recevoir vos donn\u00e9es indirectement d&#039;un certain nombre de sources, notamment d&#039;autres compagnies d&#039;assurance et de r\u00e9assurance, des conseillers juridiques, des courtiers, des repr\u00e9sentants d\u00e9sign\u00e9s et d&#039;autres partenaires commerciaux.<\/p>\n\n\n\n<p>Lorsque vous nous fournissez des informations personnelles d&#039;un tiers, vous devez l&#039;informer que vous le faites, dans la mesure du possible.<\/p>\n\n\n\n<h3 class=\"wp-block-heading\">Bases l\u00e9gales du traitement<\/h3>\n\n\n\n<p>Nous collectons et utilisons les informations personnelles conform\u00e9ment aux lois et r\u00e9glementations applicables en mati\u00e8re de protection des donn\u00e9es. Selon la loi, nous devons avoir une justification l\u00e9gale, connue sous le nom de base l\u00e9gale, afin d&#039;utiliser vos informations personnelles aux fins d\u00e9crites dans la pr\u00e9sente politique de confidentialit\u00e9. Selon l&#039;objectif, notre base l\u00e9gale sera l&#039;une des suivantes\u00a0:<\/p>\n\n\n\n<ul class=\"wp-block-list\">\n<li>Ex\u00e9cution d&#039;un contrat \u2013 pour arranger, souscrire ou g\u00e9rer les sinistres conform\u00e9ment \u00e0 leurs termes\u00a0;<\/li>\n\n\n\n<li>Conformit\u00e9 \u00e0 une obligation l\u00e9gale - pour r\u00e9pondre aux responsabilit\u00e9s que nous avons envers nos r\u00e9gulateurs, les autorit\u00e9s fiscales, les forces de l&#039;ordre ou d&#039;autres responsabilit\u00e9s l\u00e9gales\u00a0;<\/li>\n\n\n\n<li>Int\u00e9r\u00eats l\u00e9gitimes - pour exploiter et am\u00e9liorer nos produits et services et tenir les gens inform\u00e9s de nos produits et services ou \u00e0 toute autre fin que nous identifions comme appropri\u00e9e \u00e0 nos besoins commerciaux ou aux besoins commerciaux d&#039;un tiers\u00a0;<\/li>\n\n\n\n<li>Consentement - lorsque nous avons obtenu les consentements appropri\u00e9s pour collecter ou utiliser vos informations personnelles \u00e0 des fins particuli\u00e8res.<\/li>\n<\/ul>\n\n\n\n<h3 class=\"wp-block-heading\">S\u00e9curit\u00e9 des donn\u00e9es<\/h3>\n\n\n\n<p>Au sein de Compre, nous veillerons \u00e0 utiliser des mesures raisonnables pour prot\u00e9ger les donn\u00e9es personnelles. Cela comprendra une combinaison de mesures de s\u00e9curit\u00e9 physiques et \u00e9lectroniques con\u00e7ues pour r\u00e9duire le risque de destruction ou de perte accidentelle, ou la divulgation ou l&#039;acc\u00e8s non autoris\u00e9 \u00e0 ces informations, en fonction de la nature des informations concern\u00e9es. Les mesures que nous prenons comprennent l&#039;imposition d&#039;exigences de confidentialit\u00e9 \u00e0 nos membres du personnel et \u00e0 nos fournisseurs de services\u00a0; d\u00e9truire ou anonymiser d\u00e9finitivement les informations personnelles si elles ne sont plus n\u00e9cessaires aux fins pour lesquelles elles ont \u00e9t\u00e9 collect\u00e9es. \u00c9tant donn\u00e9 que la s\u00e9curit\u00e9 des informations d\u00e9pend en partie de la s\u00e9curit\u00e9 de l&#039;ordinateur que vous utilisez pour communiquer avec nous et de la s\u00e9curit\u00e9 que vous utilisez pour prot\u00e9ger les identifiants d&#039;utilisateur et les mots de passe, veuillez prendre les mesures appropri\u00e9es pour prot\u00e9ger ces informations.<\/p>\n\n\n\n<h3 class=\"wp-block-heading\">Avec qui nous partageons des donn\u00e9es personnelles<\/h3>\n\n\n\n<p>Aux fins \u00e9nonc\u00e9es ci-dessus, nous partagerons parfois vos donn\u00e9es personnelles avec des soci\u00e9t\u00e9s du groupe Compre et des tiers, notamment :<\/p>\n\n\n\n<ul class=\"wp-block-list\">\n<li>Autres compagnies d&#039;assurance et de r\u00e9assurance<\/li>\n\n\n\n<li>Conseillers juridiques et cabinets de services professionnels qui agissent en notre nom ou en votre nom<\/li>\n\n\n\n<li>Experts d\u00e9sign\u00e9s pour l&#039;ex\u00e9cution de nos obligations<\/li>\n\n\n\n<li>Courtiers, repr\u00e9sentants d\u00e9sign\u00e9s et autres partenaires commerciaux<\/li>\n\n\n\n<li>Compr\u00e9 employ\u00e9s<\/li>\n\n\n\n<li>Administrateurs tiers<\/li>\n\n\n\n<li>Agences de r\u00e9f\u00e9rence de cr\u00e9dit<\/li>\n\n\n\n<li>Organismes et agences de r\u00e9glementation travaillant \u00e0 la pr\u00e9vention de la fraude<\/li>\n\n\n\n<li>Auditeurs<\/li>\n\n\n\n<li>Tribunaux et contreparties<\/li>\n\n\n\n<li>Prestataires de services informatiques<\/li>\n\n\n\n<li>Acheteurs tiers potentiels ou r\u00e9els de notre entreprise ou de nos actifs<\/li>\n\n\n\n<li>Prestataires de services connect\u00e9s \u00e0 notre m\u00e9tier<\/li>\n<\/ul>\n\n\n\n<p>Nous pouvons partager sous forme agr\u00e9g\u00e9e et statistique des informations non personnelles concernant les visiteurs de notre site Web, les mod\u00e8les de trafic et l&#039;utilisation du site Web avec nos affili\u00e9s ou annonceurs. Les cookies suivent les appareils lorsqu&#039;ils naviguent sur notre site Web. Veuillez consulter notre politique en mati\u00e8re de cookies pour plus d&#039;informations (https:\/\/compre-group.com\/cookies-policy\/).<\/p>\n\n\n\n<h3 class=\"wp-block-heading\">Transfert de donn\u00e9es vers des pays tiers<\/h3>\n\n\n\n<p>Dans les cas o\u00f9 nous aurions besoin de transf\u00e9rer des donn\u00e9es personnelles en dehors de l&#039;UE, nous veillerons \u00e0 prendre les mesures n\u00e9cessaires pour prot\u00e9ger vos droits \u00e0 la vie priv\u00e9e et nous assurer que des garanties ad\u00e9quates sont en place.<\/p>\n\n\n\n<p>Pour ce faire, nous veillons \u00e0 ce que les transferts de donn\u00e9es personnelles au sein du groupe Compre soient couverts par un accord intra-groupe qui oblige contractuellement chaque membre \u00e0 garantir que les informations personnelles b\u00e9n\u00e9ficient d&#039;un niveau de protection ad\u00e9quat et coh\u00e9rent.<\/p>\n\n\n\n<p>Lorsque nous transf\u00e9rons des donn\u00e9es \u00e0 des tiers dans des juridictions en dehors de l&#039;EEE, soit nous nous assurons que c&#039;est vers une juridiction qui a \u00e9t\u00e9 jug\u00e9e ad\u00e9quate par la Commission europ\u00e9enne, soit nous obtenons des engagements contractuels de leur part pour prot\u00e9ger vos informations personnelles \u00e0 un niveau \u00e9quivalent accord\u00e9 en vertu de la RGPD.<\/p>\n\n\n\n<p>Lorsque nous recevons des demandes d&#039;informations de la part des forces de l&#039;ordre ou des autorit\u00e9s de r\u00e9glementation, nous validons soigneusement ces demandes avant que des informations personnelles ne soient divulgu\u00e9es.<\/p>\n\n\n\n<p>Si vous souhaitez nous contacter pour plus d&#039;informations sur les mesures de protection que nous avons mises en place pour assurer la protection ad\u00e9quate de vos informations personnelles, veuillez nous contacter en utilisant les informations fournies \u00e0 la fin de cet avis de confidentialit\u00e9.<\/p>\n\n\n\n<h3 class=\"wp-block-heading\">Suppression de donn\u00e9es<\/h3>\n\n\n\n<p>Conform\u00e9ment \u00e0 notre politique de protection des donn\u00e9es, nous ne conserverons vos donn\u00e9es que pendant la dur\u00e9e n\u00e9cessaire \u00e0 la r\u00e9alisation de l&#039;objectif pour lequel elles ont \u00e9t\u00e9 collect\u00e9es. Pour nous aider \u00e0 g\u00e9rer la dur\u00e9e de conservation de vos donn\u00e9es et notre gestion des dossiers, nous maintenons une politique de conservation des donn\u00e9es qui comprend des directives claires sur la conservation et la suppression des donn\u00e9es.<\/p>\n\n\n\n<h3 class=\"wp-block-heading\">Tes droits<\/h3>\n\n\n\n<p>Conform\u00e9ment au R\u00e8glement G\u00e9n\u00e9ral sur la Protection des Donn\u00e9es, vous disposez des droits suivants :<\/p>\n\n\n\n<h3 class=\"wp-block-heading\">Le droit d&#039;acc\u00e8s<\/h3>\n\n\n\n<p>Vous avez le droit de recevoir une copie de vos donn\u00e9es personnelles que nous traitons. Ceci est connu comme un <code>demande d&#039;acc\u00e8s au sujet<\/code>.<\/p>\n\n\n\n<h3 class=\"wp-block-heading\">Le droit de rectification<\/h3>\n\n\n\n<p>Si vous pensez que vos donn\u00e9es personnelles sont inexactes ou incompl\u00e8tes, vous avez le droit de les faire rectifier.<\/p>\n\n\n\n<h3 class=\"wp-block-heading\">Le droit \u00e0 l&#039;effacement<\/h3>\n\n\n\n<p>Dans certaines circonstances, vous avez le droit de demander la suppression ou la suppression de donn\u00e9es personnelles lorsqu&#039;il n&#039;y a aucune raison pour la poursuite de leur traitement.<\/p>\n\n\n\n<h3 class=\"wp-block-heading\">Le droit de restreindre le traitement<\/h3>\n\n\n\n<p>Dans certaines circonstances, vous avez le droit de nous demander de suspendre le traitement des informations personnelles vous concernant, par exemple si vous souhaitez que nous \u00e9tablissions leur exactitude ou la raison du traitement des donn\u00e9es.<\/p>\n\n\n\n<h3 class=\"wp-block-heading\">Le droit \u00e0 la portabilit\u00e9 des donn\u00e9es<\/h3>\n\n\n\n<p>Dans certaines circonstances, vous avez le droit d&#039;obtenir et de r\u00e9utiliser vos donn\u00e9es personnelles en nous demandant de transf\u00e9rer vos donn\u00e9es personnelles que vous avez fournies \u00e0 un autre tiers de votre choix.<\/p>\n\n\n\n<h3 class=\"wp-block-heading\">Le droit d&#039;opposition<\/h3>\n\n\n\n<p>Dans certaines circonstances, vous pouvez avoir le droit de vous opposer si les donn\u00e9es personnelles sont trait\u00e9es \u00e0 des fins de marketing direct.<\/p>\n\n\n\n<p>Lors de l&#039;exercice de l&#039;un de ces droits, nous pouvons \u00eatre amen\u00e9s \u00e0 vous demander des informations compl\u00e9mentaires pour confirmer votre identit\u00e9 et \u00e0 des fins de s\u00e9curit\u00e9, avant de vous communiquer les informations personnelles qui vous sont demand\u00e9es. Nous nous r\u00e9servons le droit de facturer des frais l\u00e0 o\u00f9 la loi le permet, par exemple si votre demande est manifestement infond\u00e9e ou excessive.<\/p>\n\n\n\n<p>Vous pouvez exercer vos droits en nous contactant en utilisant les coordonn\u00e9es affich\u00e9es ci-dessous. Sous r\u00e9serve de consid\u00e9rations l\u00e9gales et autres, nous ferons tous les efforts raisonnables pour honorer votre demande rapidement ou vous informerons si nous avons besoin de plus amples informations afin de r\u00e9pondre \u00e0 votre demande.<\/p>\n\n\n\n<p>Il se peut que nous ne soyons pas toujours en mesure de r\u00e9pondre pleinement \u00e0 votre demande, par exemple si cela aurait un impact sur le devoir de confidentialit\u00e9 que nous avons envers les autres, ou si nous sommes l\u00e9galement autoris\u00e9s \u00e0 traiter la demande d&#039;une mani\u00e8re diff\u00e9rente.<\/p>\n\n\n\n<h3 class=\"wp-block-heading\">Commercialisation<\/h3>\n\n\n\n<p>CompreCompre n&#039;utilisera pas vos donn\u00e9es personnelles \u00e0 des fins de marketing.<\/p>\n\n\n\n<h3 class=\"wp-block-heading\"><strong>Profilage et prise de d\u00e9cision automatis\u00e9e<\/strong><\/h3>\n\n\n\n<p>Compre n&#039;utilisera pas vos donn\u00e9es personnelles \u00e0 des fins de prise de d\u00e9cision automatis\u00e9e ou de profilage.<\/p>\n\n\n\n<h3 class=\"wp-block-heading\">Repr\u00e9sentants UE\/UK<\/h3>\n\n\n\n<p>Compre Services (Finland) Oy a \u00e9t\u00e9 nomm\u00e9 notre repr\u00e9sentant dans l&#039;UE dans le cadre du RGPD de l&#039;UE. Toute question ou commentaire de personnes de l&#039;UE ou d&#039;autorit\u00e9s de contr\u00f4le concernant le traitement des donn\u00e9es personnelles par l&#039;une des entit\u00e9s Compre situ\u00e9es en dehors de l&#039;UE peut \u00eatre adress\u00e9 \u00e0<a href=\"mailto:juha.nora@compre-group.com\">&nbsp;juha.nora@compre-group.com. <\/a>&nbsp;<br>&nbsp;<br>Compre Services (UK) Limited a \u00e9t\u00e9 nomm\u00e9 notre repr\u00e9sentant UK dans le cadre du GDPR UK. Toutes les questions ou commentaires des individus de UK ou de l&#039;ICO concernant le traitement des donn\u00e9es personnelles par l&#039;une des entit\u00e9s Compre situ\u00e9es en dehors de UK peuvent \u00eatre adress\u00e9s \u00e0<a href=\"http:\/\/simon.hawkins@compre-group.com.\">&nbsp;<\/a><a href=\"mailto:simon.hawkins@compre-group.com.\">simon.hawkins@compre-group.com.<\/a><\/p>\n\n\n\n<h3 class=\"wp-block-heading\">Mises \u00e0 jour<\/h3>\n\n\n\n<p>Cette politique de confidentialit\u00e9 est mise \u00e0 jour de temps \u00e0 autre pour tenir compte des changements dans nos activit\u00e9s commerciales, des exigences l\u00e9gales et pour s&#039;assurer qu&#039;elle est aussi transparente que possible. Veuillez consulter r\u00e9guli\u00e8rement ces pages pour obtenir la derni\u00e8re version de cet avis de confidentialit\u00e9.<\/p>\n\n\n\n<h3 class=\"wp-block-heading\">Questions ou r\u00e9clamations<\/h3>\n\n\n\n<p>Si vous avez des questions concernant cette d\u00e9claration de confidentialit\u00e9, vous pouvez contacter notre d\u00e9l\u00e9gu\u00e9 \u00e0 la protection des donn\u00e9es du groupe \u00e0 l&#039;adresse suivante :<\/p>\n\n\n\n<p>Damien Everest<br>Responsable de la conformit\u00e9<br>Compre Services (UK) Ltd \u2013 Succursale de Malte<br>Parc Trident, jardins Notabile<br>N\u00b0 7 Niveau 3<br>Route de Mdina, zone 2<br>Quartier central des affaires<br>Birkirkara, CBD2010<br>Malte<br>E-mail:\u00a0<a href=\"mailto:damian.everest@compre-group.com\">damian.everest@compre-group.com<\/a><br>T\u00e9l\u00e9phone : +356 21441355<\/p>\n\n\n\n<p>Si vous n&#039;\u00eates pas satisfait de notre r\u00e9ponse ou pensez que nous ne traitons pas vos donn\u00e9es personnelles conform\u00e9ment \u00e0 la loi, vous pouvez vous plaindre aupr\u00e8s du Commissaire maltais \u00e0 l&#039;information et \u00e0 la protection des donn\u00e9es :<\/p>\n\n\n\n<p>\u00c9tage 2, Airways House,<br>Triq Il-Kbira,<br>Tas-Sliema<br>SLM 1549, Malte<br>E-mail:<a href=\"mailto:idpc.info@idpc.org.mt\">&nbsp;idpc.info@idpc.org.mt<\/a><br>T\u00e9l\u00e9phone : +356 2328 7100<\/p>\n\n\n\n<p>Ou si vous \u00eates au Royaume-Uni, l&#039;Information Commissioners Office au :<\/p>\n\n\n\n<p>Bureau du commissaire \u00e0 l&#039;information<br>Maison Wycliffe<br>Voie d&#039;eau<br>Wilmslow<br>Cheshire<br>SK9 5AF<\/p>\n\n\n\n<p>T\u00e9l\u00e9phone : 0303 123 1113<\/p>","protected":false},"excerpt":{"rendered":"<p>D\u00e9claration de confidentialit\u00e9 sur la protection des donn\u00e9es Chez Compre, nous prenons tr\u00e8s au s\u00e9rieux nos obligations en mati\u00e8re de protection des donn\u00e9es et la s\u00e9curit\u00e9 de ces donn\u00e9es est tr\u00e8s importante pour nous. Dans le cadre de nos activit\u00e9s, le groupe Compre, compos\u00e9 de Cambridge TopCo Limited \u00e0 Malte et de toutes ses filiales (ensemble \u00ab\u00a0Compre\u00a0\u00bb), recueille et utilise certaines informations sur les individus comme [\u2026]<\/p>","protected":false},"author":1,"featured_media":0,"parent":0,"menu_order":0,"comment_status":"closed","ping_status":"closed","template":"","meta":{"footnotes":""},"class_list":["post-748","page","type-page","status-publish","hentry"],"yoast_head":"<!-- This site is optimized with the Yoast SEO plugin v27.1.1 - https:\/\/yoast.com\/product\/yoast-seo-wordpress\/ -->\n<title>Privacy Statement - Compre<\/title>\n<meta name=\"robots\" content=\"index, follow, max-snippet:-1, max-image-preview:large, max-video-preview:-1\" \/>\n<link rel=\"canonical\" href=\"https:\/\/compre-group.com\/fr\/privacy-statement\/\" \/>\n<meta property=\"og:locale\" content=\"fr_FR\" \/>\n<meta property=\"og:type\" content=\"article\" \/>\n<meta property=\"og:title\" content=\"Privacy Statement - Compre\" \/>\n<meta property=\"og:description\" content=\"Data Protection Privacy Statement At Compre we take our data protection obligations very seriously and the security around that data is very important to us. As we carry on our business, the Compre Group, comprising Cambridge TopCo Limited in Malta and all of its subsidiaries (together \u201cCompre\u201d) gathers and uses certain information about individuals as [&hellip;]\" \/>\n<meta property=\"og:url\" content=\"https:\/\/compre-group.com\/fr\/privacy-statement\/\" \/>\n<meta property=\"og:site_name\" content=\"Compre\" \/>\n<meta property=\"article:modified_time\" content=\"2024-10-11T15:19:16+00:00\" \/>\n<meta name=\"twitter:card\" content=\"summary_large_image\" \/>\n<meta name=\"twitter:label1\" content=\"Dur\u00e9e de lecture estim\u00e9e\" \/>\n\t<meta name=\"twitter:data1\" content=\"9 minutes\" \/>\n<script type=\"application\/ld+json\" class=\"yoast-schema-graph\">{\"@context\":\"https:\/\/schema.org\",\"@graph\":[{\"@type\":\"WebPage\",\"@id\":\"https:\/\/compre-group.com\/privacy-statement\/\",\"url\":\"https:\/\/compre-group.com\/privacy-statement\/\",\"name\":\"Privacy Statement - Compre\",\"isPartOf\":{\"@id\":\"https:\/\/compre-group.com\/#website\"},\"datePublished\":\"2021-09-20T13:44:48+00:00\",\"dateModified\":\"2024-10-11T15:19:16+00:00\",\"breadcrumb\":{\"@id\":\"https:\/\/compre-group.com\/privacy-statement\/#breadcrumb\"},\"inLanguage\":\"fr-FR\",\"potentialAction\":[{\"@type\":\"ReadAction\",\"target\":[\"https:\/\/compre-group.com\/privacy-statement\/\"]}]},{\"@type\":\"BreadcrumbList\",\"@id\":\"https:\/\/compre-group.com\/privacy-statement\/#breadcrumb\",\"itemListElement\":[{\"@type\":\"ListItem\",\"position\":1,\"name\":\"Home\",\"item\":\"https:\/\/compre-group.com\/\"},{\"@type\":\"ListItem\",\"position\":2,\"name\":\"Privacy Statement\"}]},{\"@type\":\"WebSite\",\"@id\":\"https:\/\/compre-group.com\/#website\",\"url\":\"https:\/\/compre-group.com\/\",\"name\":\"Compre\",\"description\":\"\",\"potentialAction\":[{\"@type\":\"SearchAction\",\"target\":{\"@type\":\"EntryPoint\",\"urlTemplate\":\"https:\/\/compre-group.com\/?s={search_term_string}\"},\"query-input\":{\"@type\":\"PropertyValueSpecification\",\"valueRequired\":true,\"valueName\":\"search_term_string\"}}],\"inLanguage\":\"fr-FR\"}]}<\/script>\n<!-- \/ Yoast SEO plugin. -->","yoast_head_json":{"title":"D\u00e9claration de confidentialit\u00e9 - Compre","robots":{"index":"index","follow":"follow","max-snippet":"max-snippet:-1","max-image-preview":"max-image-preview:large","max-video-preview":"max-video-preview:-1"},"canonical":"https:\/\/compre-group.com\/fr\/privacy-statement\/","og_locale":"fr_FR","og_type":"article","og_title":"Privacy Statement - Compre","og_description":"Data Protection Privacy Statement At Compre we take our data protection obligations very seriously and the security around that data is very important to us. As we carry on our business, the Compre Group, comprising Cambridge TopCo Limited in Malta and all of its subsidiaries (together \u201cCompre\u201d) gathers and uses certain information about individuals as [&hellip;]","og_url":"https:\/\/compre-group.com\/fr\/privacy-statement\/","og_site_name":"Compre","article_modified_time":"2024-10-11T15:19:16+00:00","twitter_card":"summary_large_image","twitter_misc":{"Dur\u00e9e de lecture estim\u00e9e":"9 minutes"},"schema":{"@context":"https:\/\/schema.org","@graph":[{"@type":"WebPage","@id":"https:\/\/compre-group.com\/privacy-statement\/","url":"https:\/\/compre-group.com\/privacy-statement\/","name":"D\u00e9claration de confidentialit\u00e9 - Compre","isPartOf":{"@id":"https:\/\/compre-group.com\/#website"},"datePublished":"2021-09-20T13:44:48+00:00","dateModified":"2024-10-11T15:19:16+00:00","breadcrumb":{"@id":"https:\/\/compre-group.com\/privacy-statement\/#breadcrumb"},"inLanguage":"fr-FR","potentialAction":[{"@type":"ReadAction","target":["https:\/\/compre-group.com\/privacy-statement\/"]}]},{"@type":"BreadcrumbList","@id":"https:\/\/compre-group.com\/privacy-statement\/#breadcrumb","itemListElement":[{"@type":"ListItem","position":1,"name":"Home","item":"https:\/\/compre-group.com\/"},{"@type":"ListItem","position":2,"name":"Privacy Statement"}]},{"@type":"WebSite","@id":"https:\/\/compre-group.com\/#website","url":"https:\/\/compre-group.com\/","name":"Compr\u00e9","description":"","potentialAction":[{"@type":"SearchAction","target":{"@type":"EntryPoint","urlTemplate":"https:\/\/compre-group.com\/?s={search_term_string}"},"query-input":{"@type":"PropertyValueSpecification","valueRequired":true,"valueName":"search_term_string"}}],"inLanguage":"fr-FR"}]}},"_links":{"self":[{"href":"https:\/\/compre-group.com\/fr\/wp-json\/wp\/v2\/pages\/748","targetHints":{"allow":["GET"]}}],"collection":[{"href":"https:\/\/compre-group.com\/fr\/wp-json\/wp\/v2\/pages"}],"about":[{"href":"https:\/\/compre-group.com\/fr\/wp-json\/wp\/v2\/types\/page"}],"author":[{"embeddable":true,"href":"https:\/\/compre-group.com\/fr\/wp-json\/wp\/v2\/users\/1"}],"replies":[{"embeddable":true,"href":"https:\/\/compre-group.com\/fr\/wp-json\/wp\/v2\/comments?post=748"}],"version-history":[{"count":16,"href":"https:\/\/compre-group.com\/fr\/wp-json\/wp\/v2\/pages\/748\/revisions"}],"predecessor-version":[{"id":3224,"href":"https:\/\/compre-group.com\/fr\/wp-json\/wp\/v2\/pages\/748\/revisions\/3224"}],"wp:attachment":[{"href":"https:\/\/compre-group.com\/fr\/wp-json\/wp\/v2\/media?parent=748"}],"curies":[{"name":"wp","href":"https:\/\/api.w.org\/{rel}","templated":true}]}}