{"id":2815,"date":"2023-08-04T14:42:51","date_gmt":"2023-08-04T14:42:51","guid":{"rendered":"https:\/\/compre-group.com\/?page_id=2815"},"modified":"2025-11-11T17:25:40","modified_gmt":"2025-11-11T17:25:40","slug":"bermuda-and-us-privacy-statement","status":"publish","type":"page","link":"https:\/\/compre-group.com\/fr\/bermuda-and-us-privacy-statement\/","title":{"rendered":"D\u00e9claration de confidentialit\u00e9 des Bermudes et des \u00c9tats-Unis"},"content":{"rendered":"<h3 class=\"wp-block-heading\"><strong><strong>D\u00e9claration de confidentialit\u00e9 en mati\u00e8re de protection des donn\u00e9es \u2013 Bermudes et \u00c9tats-Unis d&#039;Am\u00e9rique&nbsp;<\/strong><\/strong><\/h3>\n\n\n\n<p>Chez Compre, nous prenons tr\u00e8s au s\u00e9rieux nos obligations en mati\u00e8re de protection des donn\u00e9es et la s\u00e9curit\u00e9 de ces donn\u00e9es est tr\u00e8s importante pour nous. Dans le cadre de l&#039;exercice de nos activit\u00e9s, les entit\u00e9s du groupe Compre aux Bermudes et aux \u00c9tats-Unis, comprenant Compre Group Holdings Limited et ses filiales, collectent et utilisent certaines informations sur les individus en tant que contr\u00f4leurs de donn\u00e9es. Les informations peuvent provenir de diverses sources et concerner les demandeurs, les assur\u00e9s, les b\u00e9n\u00e9ficiaires, les r\u00e9assur\u00e9s, les prestataires de services tiers, les fournisseurs, les contacts commerciaux, les partenaires commerciaux et cibles potentiels, ainsi que d&#039;autres personnes avec lesquelles nous entretenons une relation commerciale. Dans ce qui suit, nous souhaitons vous informer du traitement de vos donn\u00e9es personnelles par les entit\u00e9s du groupe Compre aux Bermudes et aux \u00c9tats-Unis, y compris la mani\u00e8re dont nous collectons et utilisons vos donn\u00e9es personnelles, avec qui nous partageons vos donn\u00e9es personnelles, ainsi que vos droits \u00e0 cet \u00e9gard. \u00e9gard.<\/p>\n\n\n\n<p>Le traitement de vos donn\u00e9es personnelles est r\u00e9glement\u00e9 par diff\u00e9rentes l\u00e9gislations selon les endroits. Selon votre juridiction, tout ou partie de ces dispositions peuvent s&#039;appliquer \u00e0 vous. Si vous avez des questions sur ce qui s&#039;applique dans votre juridiction, n&#039;h\u00e9sitez pas \u00e0 nous contacter en utilisant les coordonn\u00e9es fournies ci-dessous.<\/p>\n\n\n\n<h3 class=\"wp-block-heading\">Scope of Processing and information we collect<\/h3>\n\n\n\n<p>At Compre we may collect and use your personal data in our normal course of business for the following purposes:<\/p>\n\n\n\n<p><strong>Pour l\u2019administration des polices et le traitement des r\u00e9clamations\u00a0:<\/strong><\/p>\n\n\n\n<ul class=\"wp-block-list\">\n<li>Conseiller, organiser, souscrire ou administrer un contrat d&#039;assurance ou de r\u00e9assurance\u00a0;<\/li>\n\n\n\n<li>G\u00e9rer une r\u00e9clamation en vertu d&#039;un contrat d&#039;assurance ou de r\u00e9assurance\u00a0;<\/li>\n<\/ul>\n\n\n\n<p><strong>Pour les activit\u00e9s li\u00e9es \u00e0 la g\u00e9n\u00e9ration d\u2019affaires et aux fusions et acquisitions\u00a0:<\/strong><\/p>\n\n\n\n<ul class=\"wp-block-list\">\n<li>Managing our business relationship(s) with client(s);<\/li>\n\n\n\n<li>Acquisitions potentielles\u00a0;<\/li>\n\n\n\n<li>Integrating acquired business into our system;<\/li>\n\n\n\n<li>G\u00e9rer les visiteurs dans les locaux de Compre\u00a0;<\/li>\n<\/ul>\n\n\n\n<p><strong>\u00c0 des fins d\u2019emploi\u00a0:<\/strong><\/p>\n\n\n\n<ul class=\"wp-block-list\">\n<li>Administering employment contracts;<\/li>\n\n\n\n<li>Respecter le droit du travail\u00a0;<\/li>\n\n\n\n<li>Recruitment including assessment of job applicants;<\/li>\n\n\n\n<li>Diversity and equal opportunities monitoring;<\/li>\n<\/ul>\n\n\n\n<p><strong>\u00c0 des fins de lutte contre le blanchiment d&#039;argent, de sanctions et de pr\u00e9vention de la fraude\u00a0:<\/strong><\/p>\n\n\n\n<ul class=\"wp-block-list\">\n<li>Effectuer des contr\u00f4les anti-blanchiment d&#039;argent et de \u00ab connaissance de vos clients \u00bb, ainsi que des contr\u00f4les en mati\u00e8re de sanctions, afin de se conformer aux lois et directives r\u00e9glementaires applicables\u00a0;<\/li>\n<\/ul>\n\n\n\n<p><strong>Pour les questions li\u00e9es \u00e0 l\u2019informatique, y compris la gestion de notre site Internet :<\/strong><\/p>\n\n\n\n<ul class=\"wp-block-list\">\n<li>Responding to requests for IT support;&nbsp;<\/li>\n\n\n\n<li>Entreprendre des analyses concernant l\u2019utilisation de notre site Web et\/ou de nos services.<\/li>\n<\/ul>\n\n\n\n<p><strong>The categories of information we collect are:<\/strong><\/p>\n\n\n\n<ul class=\"wp-block-list\">\n<li>General data \u2013 including your name, date of birth, address, email address, marital status, phone number, gender, car registration data, claims history, IP address, CCTV images etc;<\/li>\n\n\n\n<li>Des informations d\u00e9taill\u00e9es sur votre r\u00e9clamation \u2013 y compris les informations sur les assur\u00e9s, les t\u00e9moins, les parties li\u00e9es, les experts d\u00e9sign\u00e9s et les prestataires de services tiers\u00a0; rapports m\u00e9dicaux, informations sur le handicap et condamnations p\u00e9nales ant\u00e9rieures (ceux-ci sont connus sous le nom de \u00ab cat\u00e9gories sp\u00e9ciales \u00bb de donn\u00e9es)\u00a0;<\/li>\n\n\n\n<li>Fraud and sanctions related data \u2013 including information as a result of our investigations such as checks from publicly available sources;<\/li>\n\n\n\n<li>Education and employment-related data \u2013 including your education, vocational and professional qualifications, employment status, job title and employment and educational history;<\/li>\n\n\n\n<li>Financial data \u2013 including credit and payment card numbers, bank account details, payment information, tax information and details of income and assets.<\/li>\n<\/ul>\n\n\n\n<h3 class=\"wp-block-heading\">How do we collect data<\/h3>\n\n\n\n<p>You may directly provide Compre with the data we collect or we may collect data and process data when you:<\/p>\n\n\n\n<ul class=\"wp-block-list\">\n<li>Use or view our website via your browser`s cookies;<\/li>\n\n\n\n<li>Submit a CV for recruitment purposes;<\/li>\n\n\n\n<li>Submit a complaint;<\/li>\n\n\n\n<li>Request IT assistance;<\/li>\n\n\n\n<li>Renew your insurance contract;<\/li>\n\n\n\n<li>Assistez \u00e0 nos bureaux;<\/li>\n\n\n\n<li>\u00c0 partir des cartes de visite que vous nous fournissez\u00a0;<\/li>\n\n\n\n<li>Envoyez-nous un courriel ou t\u00e9l\u00e9phonez-nous; ou<\/li>\n\n\n\n<li>Soumettre une r\u00e9clamation.<\/li>\n<\/ul>\n\n\n\n<p>Compre peut \u00e9galement recevoir vos donn\u00e9es indirectement d&#039;un certain nombre de sources, notamment d&#039;autres compagnies d&#039;assurance et de r\u00e9assurance, des conseillers juridiques, des courtiers, des repr\u00e9sentants d\u00e9sign\u00e9s et d&#039;autres partenaires commerciaux.<\/p>\n\n\n\n<p>Lorsque vous nous fournissez des informations personnelles d&#039;un tiers, vous devez l&#039;informer que vous le faites, dans la mesure du possible.<\/p>\n\n\n\n<h3 class=\"wp-block-heading\">Bases l\u00e9gales du traitement<\/h3>\n\n\n\n<p>Nous collectons et utilisons les informations personnelles conform\u00e9ment aux lois et r\u00e9glementations applicables en mati\u00e8re de protection des donn\u00e9es. En fonction de la finalit\u00e9, notre base juridique sera l&#039;une des suivantes\u00a0:<\/p>\n\n\n\n<ul class=\"wp-block-list\">\n<li>Ex\u00e9cution d&#039;un contrat \u2013 pour organiser, souscrire ou traiter les sinistres conform\u00e9ment \u00e0 leurs termes\u00a0;<\/li>\n\n\n\n<li>Respect d&#039;une obligation l\u00e9gale \u2013 pour assumer les responsabilit\u00e9s que nous avons envers nos r\u00e9gulateurs, les agents fiscaux, les forces de l&#039;ordre ou d&#039;autres responsabilit\u00e9s l\u00e9gales\u00a0;<\/li>\n\n\n\n<li>Int\u00e9r\u00eats l\u00e9gitimes\u00a0: exploiter et am\u00e9liorer nos produits et services et tenir les gens inform\u00e9s de nos produits et services ou \u00e0 toute autre fin que nous identifions comme appropri\u00e9e \u00e0 nos besoins commerciaux ou aux besoins commerciaux d&#039;un tiers\u00a0;<\/li>\n\n\n\n<li>Consentement \u2013 lorsque nous avons obtenu les consentements appropri\u00e9s pour collecter ou utiliser vos informations personnelles dans un but particulier.<\/li>\n<\/ul>\n\n\n\n<h3 class=\"wp-block-heading\">S\u00e9curit\u00e9 des donn\u00e9es<\/h3>\n\n\n\n<p>Au sein de Compre, nous veillerons \u00e0 utiliser des mesures raisonnables pour prot\u00e9ger les donn\u00e9es personnelles. Cela comprendra une combinaison de mesures de s\u00e9curit\u00e9 physiques et \u00e9lectroniques con\u00e7ues pour r\u00e9duire le risque de destruction ou de perte accidentelle, ou la divulgation ou l&#039;acc\u00e8s non autoris\u00e9 \u00e0 ces informations, en fonction de la nature des informations concern\u00e9es. Les mesures que nous prenons comprennent l&#039;imposition d&#039;exigences de confidentialit\u00e9 \u00e0 nos membres du personnel et \u00e0 nos fournisseurs de services\u00a0; d\u00e9truire ou anonymiser d\u00e9finitivement les informations personnelles si elles ne sont plus n\u00e9cessaires aux fins pour lesquelles elles ont \u00e9t\u00e9 collect\u00e9es. \u00c9tant donn\u00e9 que la s\u00e9curit\u00e9 des informations d\u00e9pend en partie de la s\u00e9curit\u00e9 de l&#039;ordinateur que vous utilisez pour communiquer avec nous et de la s\u00e9curit\u00e9 que vous utilisez pour prot\u00e9ger les identifiants d&#039;utilisateur et les mots de passe, veuillez prendre les mesures appropri\u00e9es pour prot\u00e9ger ces informations.<\/p>\n\n\n\n<h3 class=\"wp-block-heading\">Avec qui nous partageons des donn\u00e9es personnelles<\/h3>\n\n\n\n<p>Aux fins \u00e9nonc\u00e9es ci-dessus, nous partagerons parfois vos donn\u00e9es personnelles avec des soci\u00e9t\u00e9s du groupe Compre et des tiers, notamment :<\/p>\n\n\n\n<ul class=\"wp-block-list\">\n<li>Autres compagnies d&#039;assurance et de r\u00e9assurance\u00a0;<\/li>\n\n\n\n<li>Conseillers juridiques et cabinets de services professionnels qui agissent en notre nom ou en votre nom\u00a0;<\/li>\n\n\n\n<li>Experts d\u00e9sign\u00e9s aux fins de l\u2019ex\u00e9cution de nos obligations\u00a0;<\/li>\n\n\n\n<li>Courtiers, repr\u00e9sentants d\u00e9sign\u00e9s et autres partenaires commerciaux\u00a0;<\/li>\n\n\n\n<li>Comprenez les employ\u00e9s\u00a0;<\/li>\n\n\n\n<li>Administrateurs tiers\u00a0;<\/li>\n\n\n\n<li>Agences de r\u00e9f\u00e9rence en mati\u00e8re de cr\u00e9dit\u00a0;<\/li>\n\n\n\n<li>Organismes et autorit\u00e9s de r\u00e9gulation\u00a0;<\/li>\n\n\n\n<li>Auditeurs\u00a0;<\/li>\n\n\n\n<li>Tribunaux et contreparties\u00a0;<\/li>\n\n\n\n<li>Fournisseurs de services informatiques\u00a0;<\/li>\n\n\n\n<li>Acheteurs tiers potentiels ou r\u00e9els de notre entreprise ou de nos actifs\u00a0;&nbsp;<\/li>\n\n\n\n<li>Prestataires de services li\u00e9s \u00e0 notre activit\u00e9.<\/li>\n<\/ul>\n\n\n\n<p>Nous pouvons partager sous forme agr\u00e9g\u00e9e et statistique des informations non personnelles concernant les visiteurs de notre site Web, les mod\u00e8les de trafic et l&#039;utilisation du site Web avec nos affili\u00e9s ou annonceurs. Les cookies suivent les appareils lorsqu&#039;ils naviguent sur notre site Web. Veuillez consulter notre politique en mati\u00e8re de cookies pour plus d&#039;informations (https:\/\/compre-group.com\/cookies-policy\/).<\/p>\n\n\n\n<h3 class=\"wp-block-heading\">Transfert de donn\u00e9es vers d&#039;autres pays<\/h3>\n\n\n\n<p>Dans les cas o\u00f9 nous aurions besoin de transf\u00e9rer des donn\u00e9es personnelles vers d&#039;autres pays (par exemple vers d&#039;autres soci\u00e9t\u00e9s intra-groupe situ\u00e9es dans UK et dans l&#039;UE), nous veillerons \u00e0 prendre les mesures n\u00e9cessaires pour prot\u00e9ger vos droits \u00e0 la vie priv\u00e9e et garantir que des garanties ad\u00e9quates sont en place.<\/p>\n\n\n\n<p>Pour ce faire, nous veillons \u00e0 ce que les transferts de donn\u00e9es personnelles au sein du groupe Compre soient couverts par un accord intra-groupe qui oblige contractuellement chaque membre \u00e0 garantir que les informations personnelles b\u00e9n\u00e9ficient d&#039;un niveau de protection ad\u00e9quat et coh\u00e9rent.<\/p>\n\n\n\n<p>Si vous souhaitez nous contacter pour plus d&#039;informations sur les mesures de protection que nous avons mises en place pour assurer une protection ad\u00e9quate de vos informations personnelles, veuillez nous contacter en utilisant les informations fournies \u00e0 la fin de cette d\u00e9claration de confidentialit\u00e9.<\/p>\n\n\n\n<h3 class=\"wp-block-heading\">Suppression de donn\u00e9es<\/h3>\n\n\n\n<p>Conform\u00e9ment \u00e0 notre politique de protection des donn\u00e9es, nous ne conserverons vos donn\u00e9es que pendant la dur\u00e9e n\u00e9cessaire pour atteindre l&#039;objectif pour lequel elles ont \u00e9t\u00e9 collect\u00e9es. Pour nous aider \u00e0 g\u00e9rer la dur\u00e9e de conservation de vos donn\u00e9es et la gestion de nos dossiers, nous maintenons une politique de conservation des donn\u00e9es qui comprend des directives claires sur la conservation et la suppression des donn\u00e9es.<\/p>\n\n\n\n<h3 class=\"wp-block-heading\">Tes droits<\/h3>\n\n\n\n<p>Selon la loi applicable, vous pouvez b\u00e9n\u00e9ficier des droits suivants<\/p>\n\n\n\n<ul class=\"wp-block-list\">\n<li>Le droit d&#039;\u00eatre inform\u00e9 des donn\u00e9es personnelles qu&#039;une entreprise collecte \u00e0 votre sujet et de la mani\u00e8re dont elles sont utilis\u00e9es et partag\u00e9es\u00a0;<\/li>\n\n\n\n<li>Le droit de demander et d&#039;obtenir l&#039;acc\u00e8s \u00e0 vos renseignements personnels;<\/li>\n\n\n\n<li>Le droit de refuser la vente ou le partage de vos informations personnelles\u00a0;<\/li>\n\n\n\n<li>Le droit de supprimer les informations personnelles que nous avons collect\u00e9es \u00e0 votre sujet (avec quelques exceptions)\u00a0;<\/li>\n\n\n\n<li>Le droit de demander que nous cessions, ou que nous ne commencions pas \u00e0 utiliser vos renseignements personnels dans certaines circonstances;<\/li>\n\n\n\n<li>Le droit de demander la rectification de donn\u00e9es inexactes ou incompl\u00e8tes ; et<\/li>\n\n\n\n<li>Le droit de ne pas faire l&#039;objet de discrimination dans l&#039;exercice de ses droits.<\/li>\n<\/ul>\n\n\n\n<p>Pour des raisons de s\u00e9curit\u00e9, lors de l&#039;exercice de l&#039;un de ces droits, nous pouvons vous demander des informations compl\u00e9mentaires permettant de confirmer votre identit\u00e9 avant de vous communiquer les informations personnelles qui vous sont demand\u00e9es. Nous nous r\u00e9servons le droit de facturer des frais lorsque la loi le permet, par exemple si votre demande est manifestement infond\u00e9e ou excessive.<\/p>\n\n\n\n<p>Vous pouvez exercer vos droits en nous contactant en utilisant les coordonn\u00e9es affich\u00e9es ci-dessous. Sous r\u00e9serve de consid\u00e9rations l\u00e9gales et autres, nous ferons tous les efforts raisonnables pour honorer votre demande rapidement ou vous informerons si nous avons besoin de plus amples informations afin de r\u00e9pondre \u00e0 votre demande.<\/p>\n\n\n\n<p>Il se peut que nous ne soyons pas toujours en mesure de r\u00e9pondre pleinement \u00e0 votre demande, par exemple si cela aurait un impact sur le devoir de confidentialit\u00e9 que nous avons envers les autres, ou si nous sommes l\u00e9galement autoris\u00e9s \u00e0 traiter la demande d&#039;une mani\u00e8re diff\u00e9rente.<\/p>\n\n\n\n<p>Lorsque nous recevons des demandes d&#039;informations de la part des forces de l&#039;ordre ou des autorit\u00e9s de r\u00e9glementation, nous validons soigneusement ces demandes avant que des informations personnelles ne soient divulgu\u00e9es.<\/p>\n\n\n\n<h3 class=\"wp-block-heading\">Commercialisation<\/h3>\n\n\n\n<p>Compre n&#039;utilisera pas vos donn\u00e9es personnelles \u00e0 des fins de marketing.<\/p>\n\n\n\n<h3 class=\"wp-block-heading\">Profilage et prise de d\u00e9cision automatis\u00e9e<\/h3>\n\n\n\n<p>Compre n&#039;utilisera pas vos donn\u00e9es personnelles \u00e0 des fins de prise de d\u00e9cision automatis\u00e9e ou de profilage.<\/p>\n\n\n\n<h3 class=\"wp-block-heading\">Repr\u00e9sentants des Bermudes et des \u00c9tats-Unis<\/h3>\n\n\n\n<p>Pallas Reinsurance Company Limited est notre entit\u00e9 repr\u00e9sentative aux Bermudes. L&#039;adresse est la suivante\u00a0: 4e \u00e9tage, Victoria Place, 31 Victoria Street, Hamilton, HM10, Bermudes.<\/p>\n\n\n\n<p>Compre Services (USA) LLC est notre entit\u00e9 repr\u00e9sentative aux \u00c9tats-Unis. L&#039;adresse est la suivante\u00a0: 250 Commercial Street, Suite 2016, Manchester, NH 03101, \u00c9tats-Unis.<\/p>\n\n\n\n<h3 class=\"wp-block-heading\">Mises \u00e0 jour<\/h3>\n\n\n\n<p>Cette d\u00e9claration de confidentialit\u00e9 est mise \u00e0 jour de temps en temps pour tenir compte des changements dans nos activit\u00e9s commerciales, des exigences l\u00e9gales et pour garantir qu&#039;elle est aussi transparente que possible. Veuillez consulter r\u00e9guli\u00e8rement ces pages pour conna\u00eetre la derni\u00e8re version de cette d\u00e9claration de confidentialit\u00e9.<\/p>\n\n\n\n<h3 class=\"wp-block-heading\">Questions ou r\u00e9clamations<\/h3>\n\n\n\n<p>Si vous avez des questions concernant cette d\u00e9claration de confidentialit\u00e9, vous pouvez contacter notre d\u00e9l\u00e9gu\u00e9 \u00e0 la protection des donn\u00e9es du groupe \u00e0 l&#039;adresse suivante :<\/p>\n\n\n\n<p>Damien Everest<br>Responsable de la conformit\u00e9<br><\/p>\n\n\n\n<p>Compre Services (UK) Ltd \u2013 Succursale de Malte<br>Parc Trident, jardins Notabile<br>N\u00b0 7 Niveau 3<br>Route de Mdina, zone 2<br>Quartier central des affaires<br>Birkirkara, CBD2010<br>Malte<\/p>\n\n\n\n<p>E-mail:&nbsp;<a href=\"mailto:damian.everest@compre-group.com\">damian.everest@compre-group.com<\/a><br>T\u00e9l\u00e9phone : +356 21441355<\/p>\n\n\n\n<p>Si vous n&#039;\u00eates pas satisfait de notre r\u00e9ponse ou si vous estimez que nous ne traitons pas vos donn\u00e9es personnelles conform\u00e9ment \u00e0 la loi, vous pouvez d\u00e9poser une plainte aupr\u00e8s des autorit\u00e9s comp\u00e9tentes. Aux Bermudes, les particuliers peuvent d\u00e9poser une plainte aupr\u00e8s de l&#039;autorit\u00e9 suivante\u00a0:<\/p>\n\n\n\n<div class=\"wp-block-group is-vertical is-layout-flex wp-container-core-group-is-layout-8cf370e7 wp-block-group-is-layout-flex\">\n<p>Bureau du commissaire \u00e0 l&#039;information<\/p>\n\n\n\n<p>B\u00e2timent Maxwell Roberts<\/p>\n\n\n\n<p>4e \u00e9tage, One Church Street<\/p>\n\n\n\n<p>Hamilton HM11<\/p>\n\n\n\n<p>Bermudes<\/p>\n\n\n\n<p><\/p>\n\n\n\n<p>T\u00e9l\u00e9phone : +441 5433700<\/p>\n<\/div>","protected":false},"excerpt":{"rendered":"<p>D\u00e9claration de confidentialit\u00e9 en mati\u00e8re de protection des donn\u00e9es \u2013 Bermudes et \u00c9tats-Unis d&#039;Am\u00e9rique Chez Compre, nous prenons nos obligations en mati\u00e8re de protection des donn\u00e9es tr\u00e8s au s\u00e9rieux et la s\u00e9curit\u00e9 de ces donn\u00e9es est tr\u00e8s importante pour nous. Dans le cadre de l&#039;exercice de nos activit\u00e9s, les entit\u00e9s du groupe Compre aux Bermudes et aux \u00c9tats-Unis, comprenant Compre Group Holdings Limited et ses [\u2026]<\/p>","protected":false},"author":1,"featured_media":0,"parent":0,"menu_order":0,"comment_status":"closed","ping_status":"closed","template":"","meta":{"footnotes":""},"class_list":["post-2815","page","type-page","status-publish","hentry"],"yoast_head":"<!-- This site is optimized with the Yoast SEO plugin v27.1.1 - https:\/\/yoast.com\/product\/yoast-seo-wordpress\/ -->\n<title>Bermuda and US Privacy Statement - Compre<\/title>\n<meta name=\"robots\" content=\"index, follow, max-snippet:-1, max-image-preview:large, max-video-preview:-1\" \/>\n<link rel=\"canonical\" href=\"https:\/\/compre-group.com\/fr\/bermuda-and-us-privacy-statement\/\" \/>\n<meta property=\"og:locale\" content=\"fr_FR\" \/>\n<meta property=\"og:type\" content=\"article\" \/>\n<meta property=\"og:title\" content=\"Bermuda and US Privacy Statement - Compre\" \/>\n<meta property=\"og:description\" content=\"Data Protection Privacy Statement \u2013 Bermuda &amp; United States of America&nbsp; At Compre we take our data protection obligations very seriously and the security around that data is very important to us. As we carry on our business, the Compre Group entities in Bermuda and the US, comprising of Compre Group Holdings Limited and its [&hellip;]\" \/>\n<meta property=\"og:url\" content=\"https:\/\/compre-group.com\/fr\/bermuda-and-us-privacy-statement\/\" \/>\n<meta property=\"og:site_name\" content=\"Compre\" \/>\n<meta property=\"article:modified_time\" content=\"2025-11-11T17:25:40+00:00\" \/>\n<meta name=\"twitter:card\" content=\"summary_large_image\" \/>\n<meta name=\"twitter:label1\" content=\"Dur\u00e9e de lecture estim\u00e9e\" \/>\n\t<meta name=\"twitter:data1\" content=\"8 minutes\" \/>\n<script type=\"application\/ld+json\" class=\"yoast-schema-graph\">{\"@context\":\"https:\/\/schema.org\",\"@graph\":[{\"@type\":\"WebPage\",\"@id\":\"https:\/\/compre-group.com\/bermuda-and-us-privacy-statement\/\",\"url\":\"https:\/\/compre-group.com\/bermuda-and-us-privacy-statement\/\",\"name\":\"Bermuda and US Privacy Statement - Compre\",\"isPartOf\":{\"@id\":\"https:\/\/compre-group.com\/#website\"},\"datePublished\":\"2023-08-04T14:42:51+00:00\",\"dateModified\":\"2025-11-11T17:25:40+00:00\",\"breadcrumb\":{\"@id\":\"https:\/\/compre-group.com\/bermuda-and-us-privacy-statement\/#breadcrumb\"},\"inLanguage\":\"fr-FR\",\"potentialAction\":[{\"@type\":\"ReadAction\",\"target\":[\"https:\/\/compre-group.com\/bermuda-and-us-privacy-statement\/\"]}]},{\"@type\":\"BreadcrumbList\",\"@id\":\"https:\/\/compre-group.com\/bermuda-and-us-privacy-statement\/#breadcrumb\",\"itemListElement\":[{\"@type\":\"ListItem\",\"position\":1,\"name\":\"Home\",\"item\":\"https:\/\/compre-group.com\/\"},{\"@type\":\"ListItem\",\"position\":2,\"name\":\"Bermuda and US Privacy Statement\"}]},{\"@type\":\"WebSite\",\"@id\":\"https:\/\/compre-group.com\/#website\",\"url\":\"https:\/\/compre-group.com\/\",\"name\":\"Compre\",\"description\":\"\",\"potentialAction\":[{\"@type\":\"SearchAction\",\"target\":{\"@type\":\"EntryPoint\",\"urlTemplate\":\"https:\/\/compre-group.com\/?s={search_term_string}\"},\"query-input\":{\"@type\":\"PropertyValueSpecification\",\"valueRequired\":true,\"valueName\":\"search_term_string\"}}],\"inLanguage\":\"fr-FR\"}]}<\/script>\n<!-- \/ Yoast SEO plugin. -->","yoast_head_json":{"title":"D\u00e9claration de confidentialit\u00e9 des Bermudes et des \u00c9tats-Unis - Compre","robots":{"index":"index","follow":"follow","max-snippet":"max-snippet:-1","max-image-preview":"max-image-preview:large","max-video-preview":"max-video-preview:-1"},"canonical":"https:\/\/compre-group.com\/fr\/bermuda-and-us-privacy-statement\/","og_locale":"fr_FR","og_type":"article","og_title":"Bermuda and US Privacy Statement - Compre","og_description":"Data Protection Privacy Statement \u2013 Bermuda &amp; United States of America&nbsp; At Compre we take our data protection obligations very seriously and the security around that data is very important to us. As we carry on our business, the Compre Group entities in Bermuda and the US, comprising of Compre Group Holdings Limited and its [&hellip;]","og_url":"https:\/\/compre-group.com\/fr\/bermuda-and-us-privacy-statement\/","og_site_name":"Compre","article_modified_time":"2025-11-11T17:25:40+00:00","twitter_card":"summary_large_image","twitter_misc":{"Dur\u00e9e de lecture estim\u00e9e":"8 minutes"},"schema":{"@context":"https:\/\/schema.org","@graph":[{"@type":"WebPage","@id":"https:\/\/compre-group.com\/bermuda-and-us-privacy-statement\/","url":"https:\/\/compre-group.com\/bermuda-and-us-privacy-statement\/","name":"D\u00e9claration de confidentialit\u00e9 des Bermudes et des \u00c9tats-Unis - Compre","isPartOf":{"@id":"https:\/\/compre-group.com\/#website"},"datePublished":"2023-08-04T14:42:51+00:00","dateModified":"2025-11-11T17:25:40+00:00","breadcrumb":{"@id":"https:\/\/compre-group.com\/bermuda-and-us-privacy-statement\/#breadcrumb"},"inLanguage":"fr-FR","potentialAction":[{"@type":"ReadAction","target":["https:\/\/compre-group.com\/bermuda-and-us-privacy-statement\/"]}]},{"@type":"BreadcrumbList","@id":"https:\/\/compre-group.com\/bermuda-and-us-privacy-statement\/#breadcrumb","itemListElement":[{"@type":"ListItem","position":1,"name":"Home","item":"https:\/\/compre-group.com\/"},{"@type":"ListItem","position":2,"name":"Bermuda and US Privacy Statement"}]},{"@type":"WebSite","@id":"https:\/\/compre-group.com\/#website","url":"https:\/\/compre-group.com\/","name":"Compr\u00e9","description":"","potentialAction":[{"@type":"SearchAction","target":{"@type":"EntryPoint","urlTemplate":"https:\/\/compre-group.com\/?s={search_term_string}"},"query-input":{"@type":"PropertyValueSpecification","valueRequired":true,"valueName":"search_term_string"}}],"inLanguage":"fr-FR"}]}},"_links":{"self":[{"href":"https:\/\/compre-group.com\/fr\/wp-json\/wp\/v2\/pages\/2815","targetHints":{"allow":["GET"]}}],"collection":[{"href":"https:\/\/compre-group.com\/fr\/wp-json\/wp\/v2\/pages"}],"about":[{"href":"https:\/\/compre-group.com\/fr\/wp-json\/wp\/v2\/types\/page"}],"author":[{"embeddable":true,"href":"https:\/\/compre-group.com\/fr\/wp-json\/wp\/v2\/users\/1"}],"replies":[{"embeddable":true,"href":"https:\/\/compre-group.com\/fr\/wp-json\/wp\/v2\/comments?post=2815"}],"version-history":[{"count":11,"href":"https:\/\/compre-group.com\/fr\/wp-json\/wp\/v2\/pages\/2815\/revisions"}],"predecessor-version":[{"id":3595,"href":"https:\/\/compre-group.com\/fr\/wp-json\/wp\/v2\/pages\/2815\/revisions\/3595"}],"wp:attachment":[{"href":"https:\/\/compre-group.com\/fr\/wp-json\/wp\/v2\/media?parent=2815"}],"curies":[{"name":"wp","href":"https:\/\/api.w.org\/{rel}","templated":true}]}}