{"id":21,"date":"2021-08-06T14:05:17","date_gmt":"2021-08-06T14:05:17","guid":{"rendered":"https:\/\/compre-group.com\/?page_id=21"},"modified":"2025-04-30T16:06:26","modified_gmt":"2025-04-30T16:06:26","slug":"careers","status":"publish","type":"page","link":"https:\/\/compre-group.com\/fr\/careers\/","title":{"rendered":"Carri\u00e8res"},"content":{"rendered":"","protected":false},"excerpt":{"rendered":"","protected":false},"author":1,"featured_media":0,"parent":0,"menu_order":0,"comment_status":"closed","ping_status":"closed","template":"","meta":{"footnotes":""},"class_list":["post-21","page","type-page","status-publish","hentry"],"yoast_head":"<!-- This site is optimized with the Yoast SEO plugin v27.1.1 - https:\/\/yoast.com\/product\/yoast-seo-wordpress\/ -->\n<title>Careers \u2013 Compre Group<\/title>\n<meta name=\"description\" content=\"We believe in building a community in which we are encouraged to grow as professionals who lead with humility and empathy.\" \/>\n<meta name=\"robots\" content=\"index, follow, max-snippet:-1, max-image-preview:large, max-video-preview:-1\" \/>\n<link rel=\"canonical\" href=\"https:\/\/compre-group.com\/fr\/careers\/\" \/>\n<meta property=\"og:locale\" content=\"fr_FR\" \/>\n<meta property=\"og:type\" content=\"article\" \/>\n<meta property=\"og:title\" content=\"Careers \u2013 Compre Group\" \/>\n<meta property=\"og:description\" content=\"We believe in building a community in which we are encouraged to grow as professionals who lead with humility and empathy.\" \/>\n<meta property=\"og:url\" content=\"https:\/\/compre-group.com\/fr\/careers\/\" \/>\n<meta property=\"og:site_name\" content=\"Compre\" \/>\n<meta property=\"article:modified_time\" content=\"2025-04-30T16:06:26+00:00\" \/>\n<meta property=\"og:image\" content=\"https:\/\/compre-group.com\/wp-content\/uploads\/2025\/04\/social_images9.jpg\" \/>\n\t<meta property=\"og:image:width\" content=\"1200\" \/>\n\t<meta property=\"og:image:height\" content=\"675\" \/>\n\t<meta property=\"og:image:type\" content=\"image\/jpeg\" \/>\n<meta name=\"twitter:card\" content=\"summary_large_image\" \/>\n<meta name=\"twitter:title\" content=\"Careers \u2013 Compre Group\" \/>\n<meta name=\"twitter:description\" content=\"We believe in building a community in which we are encouraged to grow as professionals who lead with humility and empathy.\" \/>\n<meta name=\"twitter:image\" content=\"https:\/\/compre-group.com\/wp-content\/uploads\/2025\/04\/social_images9.jpg\" \/>\n<script type=\"application\/ld+json\" class=\"yoast-schema-graph\">{\"@context\":\"https:\/\/schema.org\",\"@graph\":[{\"@type\":\"WebPage\",\"@id\":\"https:\/\/compre-group.com\/careers\/\",\"url\":\"https:\/\/compre-group.com\/careers\/\",\"name\":\"Careers \u2013 Compre Group\",\"isPartOf\":{\"@id\":\"https:\/\/compre-group.com\/#website\"},\"datePublished\":\"2021-08-06T14:05:17+00:00\",\"dateModified\":\"2025-04-30T16:06:26+00:00\",\"description\":\"We believe in building a community in which we are encouraged to grow as professionals who lead with humility and empathy.\",\"breadcrumb\":{\"@id\":\"https:\/\/compre-group.com\/careers\/#breadcrumb\"},\"inLanguage\":\"fr-FR\",\"potentialAction\":[{\"@type\":\"ReadAction\",\"target\":[\"https:\/\/compre-group.com\/careers\/\"]}]},{\"@type\":\"BreadcrumbList\",\"@id\":\"https:\/\/compre-group.com\/careers\/#breadcrumb\",\"itemListElement\":[{\"@type\":\"ListItem\",\"position\":1,\"name\":\"Home\",\"item\":\"https:\/\/compre-group.com\/\"},{\"@type\":\"ListItem\",\"position\":2,\"name\":\"Careers\"}]},{\"@type\":\"WebSite\",\"@id\":\"https:\/\/compre-group.com\/#website\",\"url\":\"https:\/\/compre-group.com\/\",\"name\":\"Compre\",\"description\":\"\",\"potentialAction\":[{\"@type\":\"SearchAction\",\"target\":{\"@type\":\"EntryPoint\",\"urlTemplate\":\"https:\/\/compre-group.com\/?s={search_term_string}\"},\"query-input\":{\"@type\":\"PropertyValueSpecification\",\"valueRequired\":true,\"valueName\":\"search_term_string\"}}],\"inLanguage\":\"fr-FR\"}]}<\/script>\n<!-- \/ Yoast SEO plugin. -->","yoast_head_json":{"title":"Carri\u00e8res \u2013 Groupe Compre","description":"Nous croyons en la construction d\u2019une communaut\u00e9 dans laquelle nous sommes encourag\u00e9s \u00e0 grandir en tant que professionnels qui dirigent avec humilit\u00e9 et empathie.","robots":{"index":"index","follow":"follow","max-snippet":"max-snippet:-1","max-image-preview":"max-image-preview:large","max-video-preview":"max-video-preview:-1"},"canonical":"https:\/\/compre-group.com\/fr\/careers\/","og_locale":"fr_FR","og_type":"article","og_title":"Careers \u2013 Compre Group","og_description":"We believe in building a community in which we are encouraged to grow as professionals who lead with humility and empathy.","og_url":"https:\/\/compre-group.com\/fr\/careers\/","og_site_name":"Compre","article_modified_time":"2025-04-30T16:06:26+00:00","og_image":[{"width":1200,"height":675,"url":"https:\/\/compre-group.com\/wp-content\/uploads\/2025\/04\/social_images9.jpg","type":"image\/jpeg"}],"twitter_card":"summary_large_image","twitter_title":"Careers \u2013 Compre Group","twitter_description":"We believe in building a community in which we are encouraged to grow as professionals who lead with humility and empathy.","twitter_image":"https:\/\/compre-group.com\/wp-content\/uploads\/2025\/04\/social_images9.jpg","schema":{"@context":"https:\/\/schema.org","@graph":[{"@type":"WebPage","@id":"https:\/\/compre-group.com\/careers\/","url":"https:\/\/compre-group.com\/careers\/","name":"Carri\u00e8res \u2013 Groupe Compre","isPartOf":{"@id":"https:\/\/compre-group.com\/#website"},"datePublished":"2021-08-06T14:05:17+00:00","dateModified":"2025-04-30T16:06:26+00:00","description":"Nous croyons en la construction d\u2019une communaut\u00e9 dans laquelle nous sommes encourag\u00e9s \u00e0 grandir en tant que professionnels qui dirigent avec humilit\u00e9 et empathie.","breadcrumb":{"@id":"https:\/\/compre-group.com\/careers\/#breadcrumb"},"inLanguage":"fr-FR","potentialAction":[{"@type":"ReadAction","target":["https:\/\/compre-group.com\/careers\/"]}]},{"@type":"BreadcrumbList","@id":"https:\/\/compre-group.com\/careers\/#breadcrumb","itemListElement":[{"@type":"ListItem","position":1,"name":"Home","item":"https:\/\/compre-group.com\/"},{"@type":"ListItem","position":2,"name":"Careers"}]},{"@type":"WebSite","@id":"https:\/\/compre-group.com\/#website","url":"https:\/\/compre-group.com\/","name":"Compr\u00e9","description":"","potentialAction":[{"@type":"SearchAction","target":{"@type":"EntryPoint","urlTemplate":"https:\/\/compre-group.com\/?s={search_term_string}"},"query-input":{"@type":"PropertyValueSpecification","valueRequired":true,"valueName":"search_term_string"}}],"inLanguage":"fr-FR"}]}},"_links":{"self":[{"href":"https:\/\/compre-group.com\/fr\/wp-json\/wp\/v2\/pages\/21","targetHints":{"allow":["GET"]}}],"collection":[{"href":"https:\/\/compre-group.com\/fr\/wp-json\/wp\/v2\/pages"}],"about":[{"href":"https:\/\/compre-group.com\/fr\/wp-json\/wp\/v2\/types\/page"}],"author":[{"embeddable":true,"href":"https:\/\/compre-group.com\/fr\/wp-json\/wp\/v2\/users\/1"}],"replies":[{"embeddable":true,"href":"https:\/\/compre-group.com\/fr\/wp-json\/wp\/v2\/comments?post=21"}],"version-history":[{"count":55,"href":"https:\/\/compre-group.com\/fr\/wp-json\/wp\/v2\/pages\/21\/revisions"}],"predecessor-version":[{"id":2697,"href":"https:\/\/compre-group.com\/fr\/wp-json\/wp\/v2\/pages\/21\/revisions\/2697"}],"wp:attachment":[{"href":"https:\/\/compre-group.com\/fr\/wp-json\/wp\/v2\/media?parent=21"}],"curies":[{"name":"wp","href":"https:\/\/api.w.org\/{rel}","templated":true}]}}