{"id":748,"date":"2021-09-20T13:44:48","date_gmt":"2021-09-20T13:44:48","guid":{"rendered":"https:\/\/compre-group.com\/?page_id=748"},"modified":"2024-10-11T15:19:16","modified_gmt":"2024-10-11T15:19:16","slug":"privacy-statement","status":"publish","type":"page","link":"https:\/\/compre-group.com\/de\/privacy-statement\/","title":{"rendered":"Datenschutzerkl\u00e4rung"},"content":{"rendered":"<h3 class=\"wp-block-heading\">Datenschutz Datenschutzerkl\u00e4rung<\/h3>\n\n\n\n<p>Bei Compre nehmen wir unsere Datenschutzverpflichtungen sehr ernst und die Sicherheit dieser Daten ist uns sehr wichtig. W\u00e4hrend wir unser Gesch\u00e4ft betreiben, sammelt und verwendet die Compre-Gruppe, bestehend aus Cambridge TopCo Limited in Malta und all ihren Tochtergesellschaften (zusammen \u201eCompre\u201c), bestimmte Informationen \u00fcber Einzelpersonen als Datenverantwortlicher. Informationen k\u00f6nnen aus einer Reihe von Quellen stammen und sich auf Anspruchsteller, Versicherungsnehmer, Beg\u00fcnstigte, R\u00fcckversicherte, Drittanbieter, Lieferanten, Gesch\u00e4ftskontakte, potenzielle Gesch\u00e4ftspartner und Zielpersonen sowie andere Personen beziehen, mit denen wir eine Gesch\u00e4ftsbeziehung unterhalten. Im Folgenden m\u00f6chten wir Sie \u00fcber die Verarbeitung Ihrer personenbezogenen Daten durch die Compre Group informieren, einschlie\u00dflich dar\u00fcber, wie wir Ihre personenbezogenen Daten erheben und verwenden, mit wem wir Ihre personenbezogenen Daten teilen, sowie \u00fcber Ihre diesbez\u00fcglichen Rechte.<\/p>\n\n\n\n<p>Die Verarbeitung Ihrer personenbezogenen Daten wird durch unterschiedliche Gesetze an verschiedenen Orten geregelt. Abh\u00e4ngig von Ihrer Gerichtsbarkeit k\u00f6nnen einige oder alle dieser Bestimmungen auf Sie zutreffen. Wenn Sie Fragen dazu haben, was in Ihrer Gerichtsbarkeit gilt, wenden Sie sich bitte \u00fcber die unten angegebenen Kontaktdaten an uns.<\/p>\n\n\n\n<h3 class=\"wp-block-heading\">Scope of Processing and information we collect<\/h3>\n\n\n\n<p>At Compre we may collect and use your personal data in our normal course of business for the following purposes:<\/p>\n\n\n\n<ol class=\"wp-block-list\" type=\"a\"><li>Beratung zu, Vermittlung, Abschluss oder Verwaltung eines Versicherungsvertrags;<\/li><li>Verwaltung eines Anspruchs aus einem Versicherungsvertrag;<\/li><li>Administering employment contracts;<\/li><li>Durchf\u00fchrung von Geldw\u00e4sche- und Know-your-Customer-Pr\u00fcfungen sowie Sanktionspr\u00fcfungen, um geltende Gesetze und beh\u00f6rdliche Vorschriften einzuhalten<\/li><li>anwendbar auf ein Versicherungsgesch\u00e4ft;<\/li><li>Managing our business relationship(s) with client(s);<\/li><li>M\u00f6gliche Akquisitionen und Integration nach Abschluss;<\/li><li>Responding to requests for IT support;<\/li><li>Integrating acquired business into our system;<\/li><li>Durchf\u00fchrung von Analysen bez\u00fcglich der Nutzung unserer Website und\/oder Dienste;<\/li><li>Recruitment including assessment of job applicants;<\/li><li>Diversity and equal opportunities monitoring;<\/li><li>Gew\u00e4hrleistung der Einhaltung geltender Gesetze;<\/li><li>Die Nutzung von Websites und Online-Diensten verstehen; Und<\/li><li>Verwalten Sie die Besucher der Compre-R\u00e4umlichkeiten.<\/li><\/ol>\n\n\n\n<p>The categories of information we collect are:<\/p>\n\n\n\n<ul class=\"wp-block-list\">\n<li>General data \u2013 including your name, date of birth, address, email address, marital status, phone number, gender, car registration data, claims history, IP address, CCTV images etc;<\/li>\n\n\n\n<li>Detaillierte Informationen zu Ihrem Anspruch \u2013 einschlie\u00dflich Informationen zu Versicherungsnehmern, Zeugen, verbundenen Parteien, bestellten Sachverst\u00e4ndigen und Drittanbietern; medizinische Berichte, Informationen zu Behinderungen und fr\u00fchere strafrechtliche Verurteilungen (diese werden als Daten \u201ebesonderer Kategorien\u201c bezeichnet);<\/li>\n\n\n\n<li>Fraud and sanctions related data \u2013 including information as a result of our investigations such as checks from publicly available sources;<\/li>\n\n\n\n<li>Education and employment-related data \u2013 including your education, vocational and professional qualifications, employment status, job title and employment and educational history;<\/li>\n\n\n\n<li>Financial data \u2013 including credit and payment card numbers, bank account details, payment information, tax information and details of income and assets.<\/li>\n<\/ul>\n\n\n\n<h3 class=\"wp-block-heading\">How do we collect data<\/h3>\n\n\n\n<p>You may directly provide Compre with the data we collect or we may collect data and process data when you:<\/p>\n\n\n\n<ul class=\"wp-block-list\">\n<li>Use or view our website via your browser`s cookies;<\/li>\n\n\n\n<li>Submit a CV for recruitment purposes;<\/li>\n\n\n\n<li>Submit a complaint;<\/li>\n\n\n\n<li>Request IT assistance;<\/li>\n\n\n\n<li>Renew your insurance contract;<\/li>\n\n\n\n<li>Besuchen Sie unsere B\u00fcros;<\/li>\n\n\n\n<li>Von Visitenkarten, die Sie uns zur Verf\u00fcgung stellen;<\/li>\n\n\n\n<li>Senden Sie uns eine E-Mail oder rufen Sie uns an; oder<\/li>\n\n\n\n<li>Reichen Sie einen Anspruch ein.<\/li>\n<\/ul>\n\n\n\n<p>Compre kann Ihre Daten auch indirekt aus einer Reihe von Quellen erhalten, darunter andere Versicherungs- und R\u00fcckversicherungsunternehmen, Rechtsberater, Makler, ernannte Vertreter und andere Gesch\u00e4ftspartner.<\/p>\n\n\n\n<p>Wenn Sie uns personenbezogene Daten eines Dritten zur Verf\u00fcgung stellen, sollten Sie diesen nach M\u00f6glichkeit dar\u00fcber informieren.<\/p>\n\n\n\n<h3 class=\"wp-block-heading\">Rechtsgrundlagen f\u00fcr die Verarbeitung<\/h3>\n\n\n\n<p>Wir erheben und verwenden personenbezogene Daten in \u00dcbereinstimmung mit den geltenden Datenschutzgesetzen und -vorschriften. Laut Gesetz m\u00fcssen wir eine rechtliche Begr\u00fcndung haben, die als Rechtsgrundlage bekannt ist, um Ihre personenbezogenen Daten f\u00fcr die in dieser Datenschutzrichtlinie beschriebenen Zwecke zu verwenden. Je nach Zweck ist unsere Rechtsgrundlage eine der folgenden:<\/p>\n\n\n\n<ul class=\"wp-block-list\">\n<li>Erf\u00fcllung eines Vertrages \u2013 um Anspr\u00fcche in \u00dcbereinstimmung mit ihren Bedingungen zu arrangieren, zu \u00fcbernehmen oder zu bearbeiten;<\/li>\n\n\n\n<li>Einhaltung einer gesetzlichen Verpflichtung \u2013 um unseren Verpflichtungen gegen\u00fcber unseren Aufsichtsbeh\u00f6rden, Steuerbeamten, Strafverfolgungsbeh\u00f6rden oder anderen gesetzlichen Verpflichtungen nachzukommen;<\/li>\n\n\n\n<li>Berechtigte Interessen \u2013 um unsere Produkte und Dienstleistungen zu betreiben und zu verbessern und die Menschen \u00fcber unsere Produkte und Dienstleistungen auf dem Laufenden zu halten oder f\u00fcr andere Zwecke, die wir als angemessen f\u00fcr unsere gesch\u00e4ftlichen Bed\u00fcrfnisse oder die gesch\u00e4ftlichen Bed\u00fcrfnisse eines Dritten erachten;<\/li>\n\n\n\n<li>Zustimmung \u2013 wenn wir die entsprechenden Zustimmungen zur Erfassung oder Verwendung Ihrer personenbezogenen Daten f\u00fcr einen bestimmten Zweck erhalten haben.<\/li>\n<\/ul>\n\n\n\n<h3 class=\"wp-block-heading\">Datensicherheit<\/h3>\n\n\n\n<p>Innerhalb von Compre werden wir sicherstellen, dass angemessene Ma\u00dfnahmen zum Schutz der personenbezogenen Daten ergriffen werden. Dies umfasst eine Kombination aus physischen und elektronischen Sicherheitsma\u00dfnahmen, die das Risiko einer versehentlichen Zerst\u00f6rung oder eines zuf\u00e4lligen Verlusts oder der unbefugten Offenlegung oder des unbefugten Zugriffs auf solche Informationen entsprechend der Art der betreffenden Informationen verringern sollen. Zu den von uns ergriffenen Ma\u00dfnahmen geh\u00f6ren Vertraulichkeitsanforderungen an unsere Mitarbeiter und Dienstleister; Vernichtung oder dauerhafte Anonymisierung personenbezogener Daten, wenn sie f\u00fcr die Zwecke, f\u00fcr die sie erhoben wurden, nicht mehr ben\u00f6tigt werden. Da die Sicherheit von Informationen teilweise von der Sicherheit des Computers abh\u00e4ngt, den Sie f\u00fcr die Kommunikation mit uns verwenden, und von der Sicherheit, die Sie zum Schutz von Benutzer-IDs und Passw\u00f6rtern verwenden, ergreifen Sie bitte geeignete Ma\u00dfnahmen zum Schutz dieser Informationen.<\/p>\n\n\n\n<h3 class=\"wp-block-heading\">Mit wem wir personenbezogene Daten teilen<\/h3>\n\n\n\n<p>F\u00fcr die oben genannten Zwecke geben wir Ihre personenbezogenen Daten manchmal an Unternehmen der Compre-Gruppe und Dritte weiter, darunter:<\/p>\n\n\n\n<ul class=\"wp-block-list\">\n<li>Andere Versicherungs- und R\u00fcckversicherungsunternehmen<\/li>\n\n\n\n<li>Rechtsberater und professionelle Dienstleistungsunternehmen, die in unserem oder Ihrem Namen handeln<\/li>\n\n\n\n<li>Sachverst\u00e4ndige, die zum Zwecke der Erf\u00fcllung unserer Verpflichtungen ernannt werden<\/li>\n\n\n\n<li>Makler, bestellte Vertreter und sonstige Gesch\u00e4ftspartner<\/li>\n\n\n\n<li>Compre Mitarbeiter<\/li>\n\n\n\n<li>Administratoren von Drittanbietern<\/li>\n\n\n\n<li>Kreditauskunfteien<\/li>\n\n\n\n<li>Aufsichtsbeh\u00f6rden und Agenturen, die daran arbeiten, Betrug zu verhindern<\/li>\n\n\n\n<li>Wirtschaftspr\u00fcfer<\/li>\n\n\n\n<li>Gerichte und Gegenparteien<\/li>\n\n\n\n<li>IT-Dienstleister<\/li>\n\n\n\n<li>Potenzielle oder tats\u00e4chliche Drittk\u00e4ufer unseres Unternehmens oder unserer Verm\u00f6genswerte<\/li>\n\n\n\n<li>Mit unserem Gesch\u00e4ft verbundene Dienstleister<\/li>\n<\/ul>\n\n\n\n<p>Wir k\u00f6nnen in aggregierter, statistischer Form nicht personenbezogene Daten \u00fcber die Besucher unserer Website, Verkehrsmuster und Website-Nutzung mit unseren verbundenen Unternehmen oder Werbetreibenden teilen. Cookies verfolgen Ger\u00e4te, w\u00e4hrend sie auf unserer Website navigieren. Weitere Informationen finden Sie in unserer Cookie-Richtlinie (https:\/\/compre-group.com\/cookies-policy\/).<\/p>\n\n\n\n<h3 class=\"wp-block-heading\">Daten\u00fcbermittlung in Drittl\u00e4nder<\/h3>\n\n\n\n<p>In F\u00e4llen, in denen wir personenbezogene Daten au\u00dferhalb der EU \u00fcbermitteln m\u00fcssten, stellen wir sicher, dass wir die notwendigen Schritte unternehmen, um Ihre Datenschutzrechte zu sch\u00fctzen und sicherzustellen, dass angemessene Sicherheitsvorkehrungen getroffen werden.<\/p>\n\n\n\n<p>Zu diesem Zweck stellen wir sicher, dass die \u00dcbermittlung personenbezogener Daten innerhalb der Compre-Gruppe durch eine gruppeninterne Vereinbarung abgedeckt ist, die jedes Mitglied vertraglich verpflichtet, sicherzustellen, dass personenbezogene Daten ein angemessenes und einheitliches Schutzniveau erhalten.<\/p>\n\n\n\n<p>Wenn wir Daten an Dritte in Gerichtsbarkeiten au\u00dferhalb des EWR \u00fcbermitteln, stellen wir entweder sicher, dass es sich um eine Gerichtsbarkeit handelt, die von der Europ\u00e4ischen Kommission als angemessen erachtet wird, oder wir holen von ihnen vertragliche Verpflichtungen ein, Ihre personenbezogenen Daten auf einem gleichwertigen Niveau zu sch\u00fctzen, das unter dem bereitgestellt wird DSGVO.<\/p>\n\n\n\n<p>Wenn wir Informationsanfragen von Strafverfolgungsbeh\u00f6rden oder Aufsichtsbeh\u00f6rden erhalten, validieren wir diese Anfragen sorgf\u00e4ltig, bevor personenbezogene Daten offengelegt werden.<\/p>\n\n\n\n<p>Wenn Sie uns kontaktieren m\u00f6chten, um weitere Informationen zu den Sicherheitsvorkehrungen zu erhalten, die wir getroffen haben, um den angemessenen Schutz Ihrer personenbezogenen Daten zu gew\u00e4hrleisten, kontaktieren Sie uns bitte unter Verwendung der am Ende dieser Datenschutzerkl\u00e4rung angegebenen Informationen.<\/p>\n\n\n\n<h3 class=\"wp-block-heading\">L\u00f6schung von Daten<\/h3>\n\n\n\n<p>In \u00dcbereinstimmung mit unserer Datenschutzrichtlinie speichern wir Ihre Daten nicht l\u00e4nger als n\u00f6tig, um den Zweck zu erf\u00fcllen, f\u00fcr den sie erhoben wurden. Um uns dabei zu unterst\u00fctzen, wie lange wir Ihre Daten und unsere Aufzeichnungen verwalten, pflegen wir eine Datenaufbewahrungsrichtlinie, die klare Richtlinien zur Datenaufbewahrung und -l\u00f6schung enth\u00e4lt<\/p>\n\n\n\n<h3 class=\"wp-block-heading\">Deine Rechte<\/h3>\n\n\n\n<p>Nach der Datenschutz-Grundverordnung haben Sie folgende Rechte:<\/p>\n\n\n\n<h3 class=\"wp-block-heading\">Das Auskunftsrecht<\/h3>\n\n\n\n<p>Sie haben das Recht, eine Kopie Ihrer von uns verarbeiteten personenbezogenen Daten zu erhalten. Dies ist als bekannt <code>Betreff Zugangsanfrage<\/code>.<\/p>\n\n\n\n<h3 class=\"wp-block-heading\">Das Recht auf Berichtigung<\/h3>\n\n\n\n<p>Wenn Sie der Meinung sind, dass Ihre personenbezogenen Daten unrichtig oder unvollst\u00e4ndig sind, haben Sie ein Recht auf Berichtigung Ihrer personenbezogenen Daten.<\/p>\n\n\n\n<h3 class=\"wp-block-heading\">Das Recht auf L\u00f6schung<\/h3>\n\n\n\n<p>Unter bestimmten Umst\u00e4nden haben Sie das Recht, die L\u00f6schung oder Entfernung personenbezogener Daten zu verlangen, wenn kein Grund f\u00fcr deren weitere Verarbeitung besteht.<\/p>\n\n\n\n<h3 class=\"wp-block-heading\">Das Recht auf Einschr\u00e4nkung der Verarbeitung<\/h3>\n\n\n\n<p>Unter bestimmten Umst\u00e4nden haben Sie das Recht, uns zu bitten, die Verarbeitung personenbezogener Daten \u00fcber Sie auszusetzen, beispielsweise wenn Sie m\u00f6chten, dass wir ihre Richtigkeit oder den Grund f\u00fcr die Verarbeitung der Daten feststellen.<\/p>\n\n\n\n<h3 class=\"wp-block-heading\">Das Recht auf Daten\u00fcbertragbarkeit<\/h3>\n\n\n\n<p>Unter bestimmten Umst\u00e4nden haben Sie das Recht, Ihre personenbezogenen Daten zu erhalten und wiederzuverwenden, indem Sie uns auffordern, Ihre personenbezogenen Daten, die Sie uns zur Verf\u00fcgung gestellt haben, an einen anderen Dritten Ihrer Wahl zu \u00fcbertragen.<\/p>\n\n\n\n<h3 class=\"wp-block-heading\">Das Widerspruchsrecht<\/h3>\n\n\n\n<p>Unter bestimmten Umst\u00e4nden steht Ihnen ein Widerspruchsrecht zu, wenn die personenbezogenen Daten f\u00fcr Zwecke der Direktwerbung verarbeitet werden.<\/p>\n\n\n\n<p>Wenn Sie eines dieser Rechte aus\u00fcben, k\u00f6nnen wir Sie um zus\u00e4tzliche Informationen bitten, um Ihre Identit\u00e4t zu best\u00e4tigen und aus Sicherheitsgr\u00fcnden, bevor wir Ihnen die angeforderten personenbezogenen Daten offenlegen. Wir behalten uns das Recht vor, eine Geb\u00fchr zu erheben, sofern dies gesetzlich zul\u00e4ssig ist, beispielsweise wenn Ihre Anfrage offensichtlich unbegr\u00fcndet oder \u00fcbertrieben ist.<\/p>\n\n\n\n<p>Sie k\u00f6nnen Ihre Rechte aus\u00fcben, indem Sie uns \u00fcber die unten angegebenen Kontaktinformationen kontaktieren. Vorbehaltlich rechtlicher und anderer zul\u00e4ssiger Erw\u00e4gungen werden wir alle angemessenen Anstrengungen unternehmen, um Ihrer Anfrage unverz\u00fcglich nachzukommen oder Sie zu informieren, wenn wir weitere Informationen ben\u00f6tigen, um Ihre Anfrage zu erf\u00fcllen.<\/p>\n\n\n\n<p>Wir sind m\u00f6glicherweise nicht immer in der Lage, Ihre Anfrage vollst\u00e4ndig zu bearbeiten, z. B. wenn dies die Geheimhaltungspflicht beeintr\u00e4chtigen w\u00fcrde, die wir anderen gegen\u00fcber schulden, oder wenn wir gesetzlich berechtigt sind, die Anfrage auf andere Weise zu bearbeiten.<\/p>\n\n\n\n<h3 class=\"wp-block-heading\">Marketing<\/h3>\n\n\n\n<p>CompreCompre wird Ihre personenbezogenen Daten nicht f\u00fcr Marketingzwecke verwenden.<\/p>\n\n\n\n<h3 class=\"wp-block-heading\"><strong>Profilerstellung und automatisierte Entscheidungsfindung<\/strong><\/h3>\n\n\n\n<p>Compre wird Ihre personenbezogenen Daten nicht zum Zwecke der automatisierten Entscheidungsfindung oder Profilerstellung verwenden.<\/p>\n\n\n\n<h3 class=\"wp-block-heading\">EU\/UK-Vertreter<\/h3>\n\n\n\n<p>Compre Services (Finland) Oy wurde gem\u00e4\u00df der EU-DSGVO zu unserem EU-Vertreter ernannt. Alle Fragen oder Kommentare von EU-Personen oder Aufsichtsbeh\u00f6rden bez\u00fcglich der Verarbeitung personenbezogener Daten durch eine der au\u00dferhalb der EU ans\u00e4ssigen Compre-Einheiten k\u00f6nnen an gerichtet werden<a href=\"mailto:juha.nora@compre-group.com\">&nbsp;juha.nora@compre-group.com. <\/a>&nbsp;<br>&nbsp;<br>Compre Services (UK) Limited wurde gem\u00e4\u00df der UK-DSGVO zu unserem UK-Vertreter ernannt. Alle Fragen oder Kommentare von UK-Personen oder dem ICO bez\u00fcglich der Verarbeitung personenbezogener Daten durch eine der au\u00dferhalb von UK ans\u00e4ssigen Compre-Einheiten k\u00f6nnen an gerichtet werden<a href=\"http:\/\/simon.hawkins@compre-group.com.\">&nbsp;<\/a><a href=\"mailto:simon.hawkins@compre-group.com.\">simon.hawkins@compre-group.com.<\/a><\/p>\n\n\n\n<h3 class=\"wp-block-heading\">Aktualisierung<\/h3>\n\n\n\n<p>Diese Datenschutzerkl\u00e4rung wird von Zeit zu Zeit aktualisiert, um \u00c4nderungen in unserer Gesch\u00e4ftst\u00e4tigkeit und gesetzlichen Anforderungen zu ber\u00fccksichtigen und um so transparent wie m\u00f6glich zu sein. Bitte \u00fcberpr\u00fcfen Sie diese Seiten regelm\u00e4\u00dfig auf die neueste Version dieser Datenschutzerkl\u00e4rung.<\/p>\n\n\n\n<h3 class=\"wp-block-heading\">Anfragen oder Beschwerden<\/h3>\n\n\n\n<p>Wenn Sie Fragen zu dieser Datenschutzrichtlinie haben, k\u00f6nnen Sie unseren Konzerndatenschutzbeauftragten unter folgender Adresse kontaktieren:<\/p>\n\n\n\n<p>Damian Everest<br>Compliance-Beauftragter<br>Compre Services (UK) Ltd \u2013 Niederlassung Malta<br>Trident Park, Notabile Gardens<br>Nr. 7 Ebene 3<br>Mdina Road, Zone 2<br>Zentrales Gesch\u00e4ftsviertel<br>Birkirkara, CBD2010<br>Malta<br>Email:\u00a0<a href=\"mailto:damian.everest@compre-group.com\">damian.everest@compre-group.com<\/a><br>Telefon: +356 21441355<\/p>\n\n\n\n<p>Wenn Sie mit unserer Antwort nicht zufrieden sind oder der Meinung sind, dass wir Ihre personenbezogenen Daten nicht in \u00dcbereinstimmung mit dem Gesetz behandeln, k\u00f6nnen Sie sich beim maltesischen Datenschutzbeauftragten beschweren:<\/p>\n\n\n\n<p>Etage 2, Airways House,<br>Triq Il-Kbira,<br>Tas-Sliema<br>SLM 1549, Malta<br>Email:<a href=\"mailto:idpc.info@idpc.org.mt\">&nbsp;idpc.info@idpc.org.mt<\/a><br>Telefon: +356 2328 7100<\/p>\n\n\n\n<p>Oder wenn Sie sich im Vereinigten K\u00f6nigreich befinden, das Information Commissioners Office unter:<\/p>\n\n\n\n<p>B\u00fcro des Informationsbeauftragten<br>Wycliffe-Haus<br>Wasserweg<br>Wilmslow<br>Cheshire<br>SK95AF<\/p>\n\n\n\n<p>Telefon: 0303 123 1113<\/p>","protected":false},"excerpt":{"rendered":"<p>Datenschutz Datenschutzerkl\u00e4rung Bei Compre nehmen wir unsere Datenschutzverpflichtungen sehr ernst und die Sicherheit dieser Daten ist uns sehr wichtig. W\u00e4hrend wir unser Gesch\u00e4ft betreiben, sammelt und verwendet die Compre-Gruppe, bestehend aus Cambridge TopCo Limited in Malta und all ihren Tochtergesellschaften (zusammen \u201eCompre\u201c), bestimmte Informationen \u00fcber Einzelpersonen als [\u2026]<\/p>","protected":false},"author":1,"featured_media":0,"parent":0,"menu_order":0,"comment_status":"closed","ping_status":"closed","template":"","meta":{"footnotes":""},"class_list":["post-748","page","type-page","status-publish","hentry"],"yoast_head":"<!-- This site is optimized with the Yoast SEO plugin v27.1.1 - https:\/\/yoast.com\/product\/yoast-seo-wordpress\/ -->\n<title>Privacy Statement - Compre<\/title>\n<meta name=\"robots\" content=\"index, follow, max-snippet:-1, max-image-preview:large, max-video-preview:-1\" \/>\n<link rel=\"canonical\" href=\"https:\/\/compre-group.com\/de\/privacy-statement\/\" \/>\n<meta property=\"og:locale\" content=\"de_DE\" \/>\n<meta property=\"og:type\" content=\"article\" \/>\n<meta property=\"og:title\" content=\"Privacy Statement - Compre\" \/>\n<meta property=\"og:description\" content=\"Data Protection Privacy Statement At Compre we take our data protection obligations very seriously and the security around that data is very important to us. As we carry on our business, the Compre Group, comprising Cambridge TopCo Limited in Malta and all of its subsidiaries (together \u201cCompre\u201d) gathers and uses certain information about individuals as [&hellip;]\" \/>\n<meta property=\"og:url\" content=\"https:\/\/compre-group.com\/de\/privacy-statement\/\" \/>\n<meta property=\"og:site_name\" content=\"Compre\" \/>\n<meta property=\"article:modified_time\" content=\"2024-10-11T15:19:16+00:00\" \/>\n<meta name=\"twitter:card\" content=\"summary_large_image\" \/>\n<meta name=\"twitter:label1\" content=\"Gesch\u00e4tzte Lesezeit\" \/>\n\t<meta name=\"twitter:data1\" content=\"9\u00a0Minuten\" \/>\n<script type=\"application\/ld+json\" class=\"yoast-schema-graph\">{\"@context\":\"https:\/\/schema.org\",\"@graph\":[{\"@type\":\"WebPage\",\"@id\":\"https:\/\/compre-group.com\/privacy-statement\/\",\"url\":\"https:\/\/compre-group.com\/privacy-statement\/\",\"name\":\"Privacy Statement - Compre\",\"isPartOf\":{\"@id\":\"https:\/\/compre-group.com\/#website\"},\"datePublished\":\"2021-09-20T13:44:48+00:00\",\"dateModified\":\"2024-10-11T15:19:16+00:00\",\"breadcrumb\":{\"@id\":\"https:\/\/compre-group.com\/privacy-statement\/#breadcrumb\"},\"inLanguage\":\"de\",\"potentialAction\":[{\"@type\":\"ReadAction\",\"target\":[\"https:\/\/compre-group.com\/privacy-statement\/\"]}]},{\"@type\":\"BreadcrumbList\",\"@id\":\"https:\/\/compre-group.com\/privacy-statement\/#breadcrumb\",\"itemListElement\":[{\"@type\":\"ListItem\",\"position\":1,\"name\":\"Home\",\"item\":\"https:\/\/compre-group.com\/\"},{\"@type\":\"ListItem\",\"position\":2,\"name\":\"Privacy Statement\"}]},{\"@type\":\"WebSite\",\"@id\":\"https:\/\/compre-group.com\/#website\",\"url\":\"https:\/\/compre-group.com\/\",\"name\":\"Compre\",\"description\":\"\",\"potentialAction\":[{\"@type\":\"SearchAction\",\"target\":{\"@type\":\"EntryPoint\",\"urlTemplate\":\"https:\/\/compre-group.com\/?s={search_term_string}\"},\"query-input\":{\"@type\":\"PropertyValueSpecification\",\"valueRequired\":true,\"valueName\":\"search_term_string\"}}],\"inLanguage\":\"de\"}]}<\/script>\n<!-- \/ Yoast SEO plugin. -->","yoast_head_json":{"title":"Datenschutzerkl\u00e4rung \u2013 Kompr","robots":{"index":"index","follow":"follow","max-snippet":"max-snippet:-1","max-image-preview":"max-image-preview:large","max-video-preview":"max-video-preview:-1"},"canonical":"https:\/\/compre-group.com\/de\/privacy-statement\/","og_locale":"de_DE","og_type":"article","og_title":"Privacy Statement - Compre","og_description":"Data Protection Privacy Statement At Compre we take our data protection obligations very seriously and the security around that data is very important to us. As we carry on our business, the Compre Group, comprising Cambridge TopCo Limited in Malta and all of its subsidiaries (together \u201cCompre\u201d) gathers and uses certain information about individuals as [&hellip;]","og_url":"https:\/\/compre-group.com\/de\/privacy-statement\/","og_site_name":"Compre","article_modified_time":"2024-10-11T15:19:16+00:00","twitter_card":"summary_large_image","twitter_misc":{"Gesch\u00e4tzte Lesezeit":"9\u00a0Minuten"},"schema":{"@context":"https:\/\/schema.org","@graph":[{"@type":"WebPage","@id":"https:\/\/compre-group.com\/privacy-statement\/","url":"https:\/\/compre-group.com\/privacy-statement\/","name":"Datenschutzerkl\u00e4rung \u2013 Kompr","isPartOf":{"@id":"https:\/\/compre-group.com\/#website"},"datePublished":"2021-09-20T13:44:48+00:00","dateModified":"2024-10-11T15:19:16+00:00","breadcrumb":{"@id":"https:\/\/compre-group.com\/privacy-statement\/#breadcrumb"},"inLanguage":"de","potentialAction":[{"@type":"ReadAction","target":["https:\/\/compre-group.com\/privacy-statement\/"]}]},{"@type":"BreadcrumbList","@id":"https:\/\/compre-group.com\/privacy-statement\/#breadcrumb","itemListElement":[{"@type":"ListItem","position":1,"name":"Home","item":"https:\/\/compre-group.com\/"},{"@type":"ListItem","position":2,"name":"Privacy Statement"}]},{"@type":"WebSite","@id":"https:\/\/compre-group.com\/#website","url":"https:\/\/compre-group.com\/","name":"Kompr","description":"","potentialAction":[{"@type":"SearchAction","target":{"@type":"EntryPoint","urlTemplate":"https:\/\/compre-group.com\/?s={search_term_string}"},"query-input":{"@type":"PropertyValueSpecification","valueRequired":true,"valueName":"search_term_string"}}],"inLanguage":"de"}]}},"_links":{"self":[{"href":"https:\/\/compre-group.com\/de\/wp-json\/wp\/v2\/pages\/748","targetHints":{"allow":["GET"]}}],"collection":[{"href":"https:\/\/compre-group.com\/de\/wp-json\/wp\/v2\/pages"}],"about":[{"href":"https:\/\/compre-group.com\/de\/wp-json\/wp\/v2\/types\/page"}],"author":[{"embeddable":true,"href":"https:\/\/compre-group.com\/de\/wp-json\/wp\/v2\/users\/1"}],"replies":[{"embeddable":true,"href":"https:\/\/compre-group.com\/de\/wp-json\/wp\/v2\/comments?post=748"}],"version-history":[{"count":16,"href":"https:\/\/compre-group.com\/de\/wp-json\/wp\/v2\/pages\/748\/revisions"}],"predecessor-version":[{"id":3224,"href":"https:\/\/compre-group.com\/de\/wp-json\/wp\/v2\/pages\/748\/revisions\/3224"}],"wp:attachment":[{"href":"https:\/\/compre-group.com\/de\/wp-json\/wp\/v2\/media?parent=748"}],"curies":[{"name":"wp","href":"https:\/\/api.w.org\/{rel}","templated":true}]}}