{"id":2815,"date":"2023-08-04T14:42:51","date_gmt":"2023-08-04T14:42:51","guid":{"rendered":"https:\/\/compre-group.com\/?page_id=2815"},"modified":"2025-11-11T17:25:40","modified_gmt":"2025-11-11T17:25:40","slug":"bermuda-and-us-privacy-statement","status":"publish","type":"page","link":"https:\/\/compre-group.com\/de\/bermuda-and-us-privacy-statement\/","title":{"rendered":"Datenschutzerkl\u00e4rung f\u00fcr Bermuda und die USA"},"content":{"rendered":"<h3 class=\"wp-block-heading\"><strong><strong>Datenschutzerkl\u00e4rung \u2013 Bermuda und Vereinigte Staaten von Amerika&nbsp;<\/strong><\/strong><\/h3>\n\n\n\n<p>Bei Compre nehmen wir unsere Datenschutzverpflichtungen sehr ernst und die Sicherheit dieser Daten ist uns sehr wichtig. Im Rahmen unserer Gesch\u00e4ftst\u00e4tigkeit sammeln und nutzen die Unternehmen der Compre Group auf den Bermudas und in den USA, darunter Compre Group Holdings Limited und ihre Tochtergesellschaften, bestimmte Informationen \u00fcber Einzelpersonen als Datenverantwortliche. Informationen k\u00f6nnen aus verschiedenen Quellen stammen und sich auf Antragsteller, Versicherungsnehmer, Beg\u00fcnstigte, R\u00fcckversicherer, Drittanbieter von Dienstleistungen, Lieferanten, Gesch\u00e4ftskontakte, potenzielle Gesch\u00e4ftspartner und -ziele sowie andere Personen beziehen, mit denen wir eine Gesch\u00e4ftsbeziehung unterhalten. Im Folgenden m\u00f6chten wir Sie \u00fcber die Verarbeitung Ihrer personenbezogenen Daten durch die Unternehmen der Compre Group in Bermuda und den USA informieren, einschlie\u00dflich der Art und Weise, wie wir Ihre personenbezogenen Daten erheben und verwenden, an wen wir Ihre personenbezogenen Daten weitergeben und \u00fcber Ihre diesbez\u00fcglichen Rechte betrachten.<\/p>\n\n\n\n<p>Die Verarbeitung Ihrer personenbezogenen Daten unterliegt an verschiedenen Orten unterschiedlichen Gesetzen. Abh\u00e4ngig von Ihrer Gerichtsbarkeit k\u00f6nnen einige oder alle dieser Bestimmungen auf Sie zutreffen. Wenn Sie Fragen dazu haben, was in Ihrer Gerichtsbarkeit gilt, k\u00f6nnen Sie sich gerne \u00fcber die unten angegebenen Kontaktdaten an uns wenden.<\/p>\n\n\n\n<h3 class=\"wp-block-heading\">Scope of Processing and information we collect<\/h3>\n\n\n\n<p>At Compre we may collect and use your personal data in our normal course of business for the following purposes:<\/p>\n\n\n\n<p><strong>F\u00fcr die Policenverwaltung und Schadensbearbeitung:<\/strong><\/p>\n\n\n\n<ul class=\"wp-block-list\">\n<li>Beratung zu, Vermittlung, Abschluss oder Verwaltung eines Versicherungs- oder R\u00fcckversicherungsvertrags;<\/li>\n\n\n\n<li>Verwaltung eines Anspruchs aus einem Versicherungs- oder R\u00fcckversicherungsvertrag;<\/li>\n<\/ul>\n\n\n\n<p><strong>F\u00fcr Aktivit\u00e4ten im Zusammenhang mit Gesch\u00e4ftsgenerierung und M&amp;A:<\/strong><\/p>\n\n\n\n<ul class=\"wp-block-list\">\n<li>Managing our business relationship(s) with client(s);<\/li>\n\n\n\n<li>M\u00f6gliche Akquisitionen;<\/li>\n\n\n\n<li>Integrating acquired business into our system;<\/li>\n\n\n\n<li>Verwaltung der Besucher der Compre-R\u00e4umlichkeiten;<\/li>\n<\/ul>\n\n\n\n<p><strong>F\u00fcr Besch\u00e4ftigungszwecke:<\/strong><\/p>\n\n\n\n<ul class=\"wp-block-list\">\n<li>Administering employment contracts;<\/li>\n\n\n\n<li>Einhaltung der Arbeitsgesetze;<\/li>\n\n\n\n<li>Recruitment including assessment of job applicants;<\/li>\n\n\n\n<li>Diversity and equal opportunities monitoring;<\/li>\n<\/ul>\n\n\n\n<p><strong>Zur Bek\u00e4mpfung von Geldw\u00e4sche, Sanktionen und Betrugspr\u00e4vention:<\/strong><\/p>\n\n\n\n<ul class=\"wp-block-list\">\n<li>Durchf\u00fchrung von Anti-Geldw\u00e4sche- und \u201eKnow-Your-Customer\u201c-Kontrollen sowie Sanktionspr\u00fcfungen, um geltende Gesetze und beh\u00f6rdliche Richtlinien einzuhalten;<\/li>\n<\/ul>\n\n\n\n<p><strong>F\u00fcr IT-bezogene Angelegenheiten, einschlie\u00dflich der Verwaltung unserer Website:<\/strong><\/p>\n\n\n\n<ul class=\"wp-block-list\">\n<li>Responding to requests for IT support;&nbsp;<\/li>\n\n\n\n<li>Durchf\u00fchrung von Analysen bez\u00fcglich der Nutzung unserer Website und\/oder unserer Dienste.<\/li>\n<\/ul>\n\n\n\n<p><strong>The categories of information we collect are:<\/strong><\/p>\n\n\n\n<ul class=\"wp-block-list\">\n<li>General data \u2013 including your name, date of birth, address, email address, marital status, phone number, gender, car registration data, claims history, IP address, CCTV images etc;<\/li>\n\n\n\n<li>Detaillierte Informationen zu Ihrem Anspruch \u2013 einschlie\u00dflich Informationen zu Versicherungsnehmern, Zeugen, verbundenen Parteien, bestellten Sachverst\u00e4ndigen und Drittanbietern; medizinische Berichte, Informationen zu Behinderungen und fr\u00fchere strafrechtliche Verurteilungen (diese werden als \u201ebesondere Datenkategorien\u201c bezeichnet);<\/li>\n\n\n\n<li>Fraud and sanctions related data \u2013 including information as a result of our investigations such as checks from publicly available sources;<\/li>\n\n\n\n<li>Education and employment-related data \u2013 including your education, vocational and professional qualifications, employment status, job title and employment and educational history;<\/li>\n\n\n\n<li>Financial data \u2013 including credit and payment card numbers, bank account details, payment information, tax information and details of income and assets.<\/li>\n<\/ul>\n\n\n\n<h3 class=\"wp-block-heading\">How do we collect data<\/h3>\n\n\n\n<p>You may directly provide Compre with the data we collect or we may collect data and process data when you:<\/p>\n\n\n\n<ul class=\"wp-block-list\">\n<li>Use or view our website via your browser`s cookies;<\/li>\n\n\n\n<li>Submit a CV for recruitment purposes;<\/li>\n\n\n\n<li>Submit a complaint;<\/li>\n\n\n\n<li>Request IT assistance;<\/li>\n\n\n\n<li>Renew your insurance contract;<\/li>\n\n\n\n<li>Besuchen Sie unsere B\u00fcros;<\/li>\n\n\n\n<li>Von Visitenkarten, die Sie uns zur Verf\u00fcgung stellen;<\/li>\n\n\n\n<li>Senden Sie uns eine E-Mail oder rufen Sie uns an; oder<\/li>\n\n\n\n<li>Reichen Sie einen Anspruch ein.<\/li>\n<\/ul>\n\n\n\n<p>Compre kann Ihre Daten auch indirekt aus einer Reihe von Quellen erhalten, darunter andere Versicherungs- und R\u00fcckversicherungsunternehmen, Rechtsberater, Makler, ernannte Vertreter und andere Gesch\u00e4ftspartner.<\/p>\n\n\n\n<p>Wenn Sie uns personenbezogene Daten eines Dritten zur Verf\u00fcgung stellen, sollten Sie diesen nach M\u00f6glichkeit dar\u00fcber informieren.<\/p>\n\n\n\n<h3 class=\"wp-block-heading\">Rechtsgrundlagen f\u00fcr die Verarbeitung<\/h3>\n\n\n\n<p>Wir erfassen und verwenden personenbezogene Daten in \u00dcbereinstimmung mit den geltenden Datenschutzgesetzen und -vorschriften. Je nach Zweck ist unsere Rechtsgrundlage eine der folgenden:<\/p>\n\n\n\n<ul class=\"wp-block-list\">\n<li>Erf\u00fcllung eines Vertrags \u2013 Regelung, \u00dcbernahme oder Bearbeitung von Anspr\u00fcchen gem\u00e4\u00df ihren Bedingungen;<\/li>\n\n\n\n<li>Einhaltung einer gesetzlichen Verpflichtung \u2013 um unserer Verantwortung gegen\u00fcber unseren Aufsichtsbeh\u00f6rden, Steuerbeamten, Strafverfolgungsbeh\u00f6rden oder anderen rechtlichen Verpflichtungen nachzukommen;<\/li>\n\n\n\n<li>Berechtigte Interessen \u2013 um unsere Produkte und Dienstleistungen zu betreiben und zu verbessern und Menschen \u00fcber unsere Produkte und Dienstleistungen auf dem Laufenden zu halten oder f\u00fcr andere Zwecke, die wir f\u00fcr unsere Gesch\u00e4ftsanforderungen oder die Gesch\u00e4ftsanforderungen Dritter als angemessen erachten;<\/li>\n\n\n\n<li>Einwilligung \u2013 wenn wir die entsprechenden Einwilligungen zur Erhebung oder Nutzung Ihrer personenbezogenen Daten f\u00fcr einen bestimmten Zweck eingeholt haben.<\/li>\n<\/ul>\n\n\n\n<h3 class=\"wp-block-heading\">Datensicherheit<\/h3>\n\n\n\n<p>Innerhalb von Compre werden wir sicherstellen, dass angemessene Ma\u00dfnahmen zum Schutz der personenbezogenen Daten ergriffen werden. Dies umfasst eine Kombination aus physischen und elektronischen Sicherheitsma\u00dfnahmen, die das Risiko einer versehentlichen Zerst\u00f6rung oder eines zuf\u00e4lligen Verlusts oder der unbefugten Offenlegung oder des unbefugten Zugriffs auf solche Informationen entsprechend der Art der betreffenden Informationen verringern sollen. Zu den von uns ergriffenen Ma\u00dfnahmen geh\u00f6ren Vertraulichkeitsanforderungen an unsere Mitarbeiter und Dienstleister; Vernichtung oder dauerhafte Anonymisierung personenbezogener Daten, wenn sie f\u00fcr die Zwecke, f\u00fcr die sie erhoben wurden, nicht mehr ben\u00f6tigt werden. Da die Sicherheit von Informationen teilweise von der Sicherheit des Computers abh\u00e4ngt, den Sie f\u00fcr die Kommunikation mit uns verwenden, und von der Sicherheit, die Sie zum Schutz von Benutzer-IDs und Passw\u00f6rtern verwenden, ergreifen Sie bitte geeignete Ma\u00dfnahmen zum Schutz dieser Informationen.<\/p>\n\n\n\n<h3 class=\"wp-block-heading\">Mit wem wir personenbezogene Daten teilen<\/h3>\n\n\n\n<p>F\u00fcr die oben genannten Zwecke geben wir Ihre personenbezogenen Daten manchmal an Unternehmen der Compre-Gruppe und Dritte weiter, darunter:<\/p>\n\n\n\n<ul class=\"wp-block-list\">\n<li>Andere Versicherungs- und R\u00fcckversicherungsunternehmen;<\/li>\n\n\n\n<li>Rechtsberater und professionelle Dienstleistungsunternehmen, die in unserem oder Ihrem Namen handeln;<\/li>\n\n\n\n<li>Zur Erf\u00fcllung unserer Verpflichtungen beauftragte Sachverst\u00e4ndige;<\/li>\n\n\n\n<li>Makler, bestellte Vertreter und andere Gesch\u00e4ftspartner;<\/li>\n\n\n\n<li>Compre-Mitarbeiter;<\/li>\n\n\n\n<li>Drittadministratoren;<\/li>\n\n\n\n<li>Kreditauskunfteien;<\/li>\n\n\n\n<li>Aufsichtsbeh\u00f6rden und Beh\u00f6rden;<\/li>\n\n\n\n<li>Wirtschaftspr\u00fcfer;<\/li>\n\n\n\n<li>Gerichte und Gegenparteien;<\/li>\n\n\n\n<li>IT-Dienstleister;<\/li>\n\n\n\n<li>Potenzielle oder tats\u00e4chliche Drittk\u00e4ufer unseres Unternehmens oder unserer Verm\u00f6genswerte;&nbsp;<\/li>\n\n\n\n<li>Mit unserem Unternehmen verbundene Dienstleister.<\/li>\n<\/ul>\n\n\n\n<p>Wir k\u00f6nnen in aggregierter, statistischer Form nicht personenbezogene Daten \u00fcber die Besucher unserer Website, Verkehrsmuster und Website-Nutzung mit unseren verbundenen Unternehmen oder Werbetreibenden teilen. Cookies verfolgen Ger\u00e4te, w\u00e4hrend sie auf unserer Website navigieren. Weitere Informationen finden Sie in unserer Cookie-Richtlinie (https:\/\/compre-group.com\/cookies-policy\/).<\/p>\n\n\n\n<h3 class=\"wp-block-heading\">Daten\u00fcbermittlung in andere L\u00e4nder<\/h3>\n\n\n\n<p>In F\u00e4llen, in denen wir personenbezogene Daten in andere L\u00e4nder \u00fcbermitteln m\u00fcssten (z. B. an andere konzerninterne Unternehmen mit Sitz im UK und in der EU), stellen wir sicher, dass wir die notwendigen Schritte zum Schutz Ihrer Datenschutzrechte unternehmen und f\u00fcr angemessene Schutzma\u00dfnahmen sorgen an Ort und Stelle.<\/p>\n\n\n\n<p>Zu diesem Zweck stellen wir sicher, dass die \u00dcbermittlung personenbezogener Daten innerhalb der Compre-Gruppe durch eine gruppeninterne Vereinbarung abgedeckt ist, die jedes Mitglied vertraglich verpflichtet, sicherzustellen, dass personenbezogene Daten ein angemessenes und einheitliches Schutzniveau erhalten.<\/p>\n\n\n\n<p>Wenn Sie uns kontaktieren m\u00f6chten, um weitere Informationen zu den Sicherheitsma\u00dfnahmen zu erhalten, die wir getroffen haben, um den angemessenen Schutz Ihrer personenbezogenen Daten zu gew\u00e4hrleisten, kontaktieren Sie uns bitte \u00fcber die am Ende dieser Datenschutzerkl\u00e4rung angegebenen Informationen.<\/p>\n\n\n\n<h3 class=\"wp-block-heading\">L\u00f6schung von Daten<\/h3>\n\n\n\n<p>Im Einklang mit unserer Datenschutzrichtlinie werden wir Ihre Daten nicht l\u00e4nger aufbewahren, als es zur Erf\u00fcllung des Zwecks, f\u00fcr den sie erhoben wurden, erforderlich ist. Um uns bei der Verwaltung der Aufbewahrungsdauer Ihrer Daten und unserer Datensatzverwaltung zu unterst\u00fctzen, pflegen wir eine Datenaufbewahrungsrichtlinie, die klare Richtlinien zur Datenaufbewahrung und -l\u00f6schung enth\u00e4lt.<\/p>\n\n\n\n<h3 class=\"wp-block-heading\">Deine Rechte<\/h3>\n\n\n\n<p>Abh\u00e4ngig vom anwendbaren Recht haben Sie m\u00f6glicherweise die folgenden Rechte<\/p>\n\n\n\n<ul class=\"wp-block-list\">\n<li>Das Recht, dar\u00fcber informiert zu werden, welche personenbezogenen Daten ein Unternehmen \u00fcber Sie sammelt und wie diese verwendet und weitergegeben werden;<\/li>\n\n\n\n<li>Das Recht, Auskunft \u00fcber Ihre pers\u00f6nlichen Daten zu verlangen und zu erhalten;<\/li>\n\n\n\n<li>Das Recht, den Verkauf oder die Weitergabe Ihrer pers\u00f6nlichen Daten abzulehnen;<\/li>\n\n\n\n<li>Das Recht, die von uns \u00fcber Sie gesammelten personenbezogenen Daten l\u00f6schen zu lassen (mit einigen Ausnahmen);<\/li>\n\n\n\n<li>Das Recht, unter bestimmten Umst\u00e4nden zu verlangen, dass wir die Verwendung Ihrer personenbezogenen Daten einstellen oder nicht beginnen;<\/li>\n\n\n\n<li>Das Recht, die Berichtigung unrichtiger oder unvollst\u00e4ndiger Daten zu verlangen; und<\/li>\n\n\n\n<li>Das Recht, bei der Aus\u00fcbung Ihrer Rechte nicht diskriminiert zu werden.<\/li>\n<\/ul>\n\n\n\n<p>Aus Sicherheitsgr\u00fcnden k\u00f6nnen wir Sie bei der Aus\u00fcbung eines dieser Rechte um zus\u00e4tzliche Informationen bitten, um Ihre Identit\u00e4t zu best\u00e4tigen, bevor wir die angeforderten personenbezogenen Daten an Sie weitergeben. Wir behalten uns das Recht vor, eine Geb\u00fchr zu erheben, sofern dies gesetzlich zul\u00e4ssig ist, beispielsweise wenn Ihre Anfrage offensichtlich unbegr\u00fcndet oder \u00fcbertrieben ist.<\/p>\n\n\n\n<p>Sie k\u00f6nnen Ihre Rechte aus\u00fcben, indem Sie uns \u00fcber die unten angegebenen Kontaktinformationen kontaktieren. Vorbehaltlich rechtlicher und anderer zul\u00e4ssiger Erw\u00e4gungen werden wir alle angemessenen Anstrengungen unternehmen, um Ihrer Anfrage unverz\u00fcglich nachzukommen oder Sie zu informieren, wenn wir weitere Informationen ben\u00f6tigen, um Ihre Anfrage zu erf\u00fcllen.<\/p>\n\n\n\n<p>Wir sind m\u00f6glicherweise nicht immer in der Lage, Ihre Anfrage vollst\u00e4ndig zu bearbeiten, z. B. wenn dies die Geheimhaltungspflicht beeintr\u00e4chtigen w\u00fcrde, die wir anderen gegen\u00fcber schulden, oder wenn wir gesetzlich berechtigt sind, die Anfrage auf andere Weise zu bearbeiten.<\/p>\n\n\n\n<p>Wenn wir Informationsanfragen von Strafverfolgungsbeh\u00f6rden oder Aufsichtsbeh\u00f6rden erhalten, validieren wir diese Anfragen sorgf\u00e4ltig, bevor personenbezogene Daten offengelegt werden.<\/p>\n\n\n\n<h3 class=\"wp-block-heading\">Marketing<\/h3>\n\n\n\n<p>Compre wird Ihre personenbezogenen Daten nicht f\u00fcr Marketingzwecke nutzen.<\/p>\n\n\n\n<h3 class=\"wp-block-heading\">Profilerstellung und automatisierte Entscheidungsfindung<\/h3>\n\n\n\n<p>Compre wird Ihre personenbezogenen Daten nicht f\u00fcr Zwecke der automatisierten Entscheidungsfindung oder des Profilings verwenden.<\/p>\n\n\n\n<h3 class=\"wp-block-heading\">Bermuda- und US-Vertreter<\/h3>\n\n\n\n<p>Pallas Reinsurance Company Limited ist unsere Vertretung auf den Bermudas. Die Adresse lautet: 4th Floor, Victoria Place, 31 Victoria Street, Hamilton, HM10, Bermuda.<\/p>\n\n\n\n<p>Compre Services (USA) LLC ist unsere Vertretung in den USA. Die Adresse lautet: 250 Commercial Street, Suite 2016, Manchester, NH 03101, USA.<\/p>\n\n\n\n<h3 class=\"wp-block-heading\">Aktualisierung<\/h3>\n\n\n\n<p>Diese Datenschutzerkl\u00e4rung wird von Zeit zu Zeit aktualisiert, um \u00c4nderungen unserer Gesch\u00e4ftsaktivit\u00e4ten und rechtlichen Anforderungen zu ber\u00fccksichtigen und eine gr\u00f6\u00dftm\u00f6gliche Transparenz zu gew\u00e4hrleisten. Bitte \u00fcberpr\u00fcfen Sie diese Seiten regelm\u00e4\u00dfig auf die neueste Version dieser Datenschutzerkl\u00e4rung.<\/p>\n\n\n\n<h3 class=\"wp-block-heading\">Anfragen oder Beschwerden<\/h3>\n\n\n\n<p>Wenn Sie Fragen zu dieser Datenschutzerkl\u00e4rung haben, k\u00f6nnen Sie unseren Konzerndatenschutzbeauftragten unter folgender Adresse kontaktieren:<\/p>\n\n\n\n<p>Damian Everest<br>Compliance-Beauftragter<br><\/p>\n\n\n\n<p>Compre Services (UK) Ltd \u2013 Niederlassung Malta<br>Trident Park, Notabile Gardens<br>Nr. 7 Ebene 3<br>Mdina Road, Zone 2<br>Zentrales Gesch\u00e4ftsviertel<br>Birkirkara, CBD2010<br>Malta<\/p>\n\n\n\n<p>Email:&nbsp;<a href=\"mailto:damian.everest@compre-group.com\">damian.everest@compre-group.com<\/a><br>Telefon: +356 21441355<\/p>\n\n\n\n<p>Wenn Sie mit unserer Antwort nicht zufrieden sind oder der Ansicht sind, dass wir Ihre personenbezogenen Daten nicht gesetzeskonform verarbeiten, k\u00f6nnen Sie sich an die zust\u00e4ndigen Beh\u00f6rden wenden. In Bermuda k\u00f6nnen sich Einzelpersonen an folgende Beh\u00f6rde wenden:<\/p>\n\n\n\n<div class=\"wp-block-group is-vertical is-layout-flex wp-container-core-group-is-layout-8cf370e7 wp-block-group-is-layout-flex\">\n<p>B\u00fcro des Informationsbeauftragten<\/p>\n\n\n\n<p>Maxwell-Roberts-Geb\u00e4ude<\/p>\n\n\n\n<p>4. Stock, One Church Street<\/p>\n\n\n\n<p>Hamilton HM11<\/p>\n\n\n\n<p>Bermudas<\/p>\n\n\n\n<p><\/p>\n\n\n\n<p>Telefon: +441 5433700<\/p>\n<\/div>","protected":false},"excerpt":{"rendered":"<p>Datenschutzerkl\u00e4rung \u2013 Bermuda und Vereinigte Staaten von Amerika Bei Compre nehmen wir unsere Datenschutzverpflichtungen sehr ernst und die Sicherheit dieser Daten ist uns sehr wichtig. W\u00e4hrend wir unser Gesch\u00e4ft weiterf\u00fchren, werden die Unternehmen der Compre Group auf den Bermudas und in den USA, bestehend aus Compre Group Holdings Limited und ihren [\u2026]<\/p>","protected":false},"author":1,"featured_media":0,"parent":0,"menu_order":0,"comment_status":"closed","ping_status":"closed","template":"","meta":{"footnotes":""},"class_list":["post-2815","page","type-page","status-publish","hentry"],"yoast_head":"<!-- This site is optimized with the Yoast SEO plugin v27.1.1 - https:\/\/yoast.com\/product\/yoast-seo-wordpress\/ -->\n<title>Bermuda and US Privacy Statement - Compre<\/title>\n<meta name=\"robots\" content=\"index, follow, max-snippet:-1, max-image-preview:large, max-video-preview:-1\" \/>\n<link rel=\"canonical\" href=\"https:\/\/compre-group.com\/de\/bermuda-and-us-privacy-statement\/\" \/>\n<meta property=\"og:locale\" content=\"de_DE\" \/>\n<meta property=\"og:type\" content=\"article\" \/>\n<meta property=\"og:title\" content=\"Bermuda and US Privacy Statement - Compre\" \/>\n<meta property=\"og:description\" content=\"Data Protection Privacy Statement \u2013 Bermuda &amp; United States of America&nbsp; At Compre we take our data protection obligations very seriously and the security around that data is very important to us. As we carry on our business, the Compre Group entities in Bermuda and the US, comprising of Compre Group Holdings Limited and its [&hellip;]\" \/>\n<meta property=\"og:url\" content=\"https:\/\/compre-group.com\/de\/bermuda-and-us-privacy-statement\/\" \/>\n<meta property=\"og:site_name\" content=\"Compre\" \/>\n<meta property=\"article:modified_time\" content=\"2025-11-11T17:25:40+00:00\" \/>\n<meta name=\"twitter:card\" content=\"summary_large_image\" \/>\n<meta name=\"twitter:label1\" content=\"Gesch\u00e4tzte Lesezeit\" \/>\n\t<meta name=\"twitter:data1\" content=\"8\u00a0Minuten\" \/>\n<script type=\"application\/ld+json\" class=\"yoast-schema-graph\">{\"@context\":\"https:\/\/schema.org\",\"@graph\":[{\"@type\":\"WebPage\",\"@id\":\"https:\/\/compre-group.com\/bermuda-and-us-privacy-statement\/\",\"url\":\"https:\/\/compre-group.com\/bermuda-and-us-privacy-statement\/\",\"name\":\"Bermuda and US Privacy Statement - Compre\",\"isPartOf\":{\"@id\":\"https:\/\/compre-group.com\/#website\"},\"datePublished\":\"2023-08-04T14:42:51+00:00\",\"dateModified\":\"2025-11-11T17:25:40+00:00\",\"breadcrumb\":{\"@id\":\"https:\/\/compre-group.com\/bermuda-and-us-privacy-statement\/#breadcrumb\"},\"inLanguage\":\"de\",\"potentialAction\":[{\"@type\":\"ReadAction\",\"target\":[\"https:\/\/compre-group.com\/bermuda-and-us-privacy-statement\/\"]}]},{\"@type\":\"BreadcrumbList\",\"@id\":\"https:\/\/compre-group.com\/bermuda-and-us-privacy-statement\/#breadcrumb\",\"itemListElement\":[{\"@type\":\"ListItem\",\"position\":1,\"name\":\"Home\",\"item\":\"https:\/\/compre-group.com\/\"},{\"@type\":\"ListItem\",\"position\":2,\"name\":\"Bermuda and US Privacy Statement\"}]},{\"@type\":\"WebSite\",\"@id\":\"https:\/\/compre-group.com\/#website\",\"url\":\"https:\/\/compre-group.com\/\",\"name\":\"Compre\",\"description\":\"\",\"potentialAction\":[{\"@type\":\"SearchAction\",\"target\":{\"@type\":\"EntryPoint\",\"urlTemplate\":\"https:\/\/compre-group.com\/?s={search_term_string}\"},\"query-input\":{\"@type\":\"PropertyValueSpecification\",\"valueRequired\":true,\"valueName\":\"search_term_string\"}}],\"inLanguage\":\"de\"}]}<\/script>\n<!-- \/ Yoast SEO plugin. -->","yoast_head_json":{"title":"Datenschutzerkl\u00e4rung f\u00fcr Bermuda und die USA \u2013 Compre","robots":{"index":"index","follow":"follow","max-snippet":"max-snippet:-1","max-image-preview":"max-image-preview:large","max-video-preview":"max-video-preview:-1"},"canonical":"https:\/\/compre-group.com\/de\/bermuda-and-us-privacy-statement\/","og_locale":"de_DE","og_type":"article","og_title":"Bermuda and US Privacy Statement - Compre","og_description":"Data Protection Privacy Statement \u2013 Bermuda &amp; United States of America&nbsp; At Compre we take our data protection obligations very seriously and the security around that data is very important to us. As we carry on our business, the Compre Group entities in Bermuda and the US, comprising of Compre Group Holdings Limited and its [&hellip;]","og_url":"https:\/\/compre-group.com\/de\/bermuda-and-us-privacy-statement\/","og_site_name":"Compre","article_modified_time":"2025-11-11T17:25:40+00:00","twitter_card":"summary_large_image","twitter_misc":{"Gesch\u00e4tzte Lesezeit":"8\u00a0Minuten"},"schema":{"@context":"https:\/\/schema.org","@graph":[{"@type":"WebPage","@id":"https:\/\/compre-group.com\/bermuda-and-us-privacy-statement\/","url":"https:\/\/compre-group.com\/bermuda-and-us-privacy-statement\/","name":"Datenschutzerkl\u00e4rung f\u00fcr Bermuda und die USA \u2013 Compre","isPartOf":{"@id":"https:\/\/compre-group.com\/#website"},"datePublished":"2023-08-04T14:42:51+00:00","dateModified":"2025-11-11T17:25:40+00:00","breadcrumb":{"@id":"https:\/\/compre-group.com\/bermuda-and-us-privacy-statement\/#breadcrumb"},"inLanguage":"de","potentialAction":[{"@type":"ReadAction","target":["https:\/\/compre-group.com\/bermuda-and-us-privacy-statement\/"]}]},{"@type":"BreadcrumbList","@id":"https:\/\/compre-group.com\/bermuda-and-us-privacy-statement\/#breadcrumb","itemListElement":[{"@type":"ListItem","position":1,"name":"Home","item":"https:\/\/compre-group.com\/"},{"@type":"ListItem","position":2,"name":"Bermuda and US Privacy Statement"}]},{"@type":"WebSite","@id":"https:\/\/compre-group.com\/#website","url":"https:\/\/compre-group.com\/","name":"Kompr","description":"","potentialAction":[{"@type":"SearchAction","target":{"@type":"EntryPoint","urlTemplate":"https:\/\/compre-group.com\/?s={search_term_string}"},"query-input":{"@type":"PropertyValueSpecification","valueRequired":true,"valueName":"search_term_string"}}],"inLanguage":"de"}]}},"_links":{"self":[{"href":"https:\/\/compre-group.com\/de\/wp-json\/wp\/v2\/pages\/2815","targetHints":{"allow":["GET"]}}],"collection":[{"href":"https:\/\/compre-group.com\/de\/wp-json\/wp\/v2\/pages"}],"about":[{"href":"https:\/\/compre-group.com\/de\/wp-json\/wp\/v2\/types\/page"}],"author":[{"embeddable":true,"href":"https:\/\/compre-group.com\/de\/wp-json\/wp\/v2\/users\/1"}],"replies":[{"embeddable":true,"href":"https:\/\/compre-group.com\/de\/wp-json\/wp\/v2\/comments?post=2815"}],"version-history":[{"count":11,"href":"https:\/\/compre-group.com\/de\/wp-json\/wp\/v2\/pages\/2815\/revisions"}],"predecessor-version":[{"id":3595,"href":"https:\/\/compre-group.com\/de\/wp-json\/wp\/v2\/pages\/2815\/revisions\/3595"}],"wp:attachment":[{"href":"https:\/\/compre-group.com\/de\/wp-json\/wp\/v2\/media?parent=2815"}],"curies":[{"name":"wp","href":"https:\/\/api.w.org\/{rel}","templated":true}]}}